{"id":472,"date":"2017-11-22T16:51:12","date_gmt":"2017-11-22T16:51:12","guid":{"rendered":"http:\/\/www.mainca.es\/?page_id=472"},"modified":"2024-01-22T08:54:00","modified_gmt":"2024-01-22T08:54:00","slug":"avisos-legales","status":"publish","type":"page","link":"http:\/\/www.mainca.es\/index.php\/avisos-legales\/","title":{"rendered":"AVISOS LEGALES"},"content":{"rendered":"<h1>CONDICIONES GENERALES LSSICE<\/h1>\n<p><strong>INFORMACI\u00f3N LEGAL, USO DEL SITIO WEB Y ACEPTACI\u00f3N<\/strong><\/p>\n<p>El presente Aviso Legal establece la informaci\u00f3n general que los prestadores de servicios de la sociedad de la informaci\u00f3n vienen obligados a poner a disposici\u00f3n de los consumidores y usuarios, por imperativo del <strong>Art.10 de la Ley 34\/2002, de 11 de julio, de servicios de la sociedad de la informaci\u00f3n y de comercio electr\u00f3nico<\/strong>. En consecuencia, se informa de los siguientes extremos:<\/p>\n<ol>\n<li>MAINCA MAQUINARIA, S.L.U. (C. I. F. B54216692) es el titular de Maquinaria para el Calzado.<\/li>\n<li>El dominio de Internet mainca.es es propiedad de MAINCA MAQUINARIA, S.L.U. que tiene su domicilio social en calle Pizarro, n\u00ba 37, Bajo, Elda, 03600, Alicante, con <strong>tel\u00e9fono<\/strong>: 965386138. E-Mail: <a href=\"mailto:administracion@mainca.es\">administracion@mainca.es<\/a>.<\/li>\n<li>Los datos de inscripci\u00f3n en el registro correspondiente son: Inscrita en el Registro Mercantil de Alicante con fecha 21 de marzo de 2007 al Tomo 3161, Folio 148, Hoja A-105.231, Inscripci\u00f3n 1\u00aa.<\/li>\n<\/ol>\n<p><strong>USO DEL SITIO WEB Y ACEPTACI\u00f3N<\/strong><\/p>\n<p>No queda permitido, para menores de catorce a\u00f1os sin consentimiento de los titulares de la patria potestad o tutela, la atribuci\u00f3n de la condici\u00f3n de usuario de este sitio web, seg\u00fan la Ley Org\u00e1nica de Protecci\u00f3n de Datos de Car\u00e1cter Personal (LOPD), en base al art\u00edculo 8 del RGPD. El incumplimiento por parte del usuario de esta condici\u00f3n tendr\u00e1 como consecuencia la supresi\u00f3n de los datos aportados.<\/p>\n<p>El acceso al sitio Web\u00a0 atribuye la condici\u00f3n de usuario e implica la aceptaci\u00f3n plena y sin reservas por parte del usuario, de todas y cada una de las condiciones contenidas en este Aviso Legal.<\/p>\n<p>El contenido del presente Aviso Legal puede sufrir modificaciones, por lo que su aceptaci\u00f3n por parte del usuario, ser\u00e1 respecto del Aviso Legal publicado por\u00a0 MAINCA MAQUINARIA, S.L.U. en el momento en que el usuario acceda al sitio Web. Por lo tanto, cada vez que el usuario acceda al sitio Web, deber\u00e1 leer atentamente el presente Aviso Legal.<\/p>\n<p>Asimismo, el acceso al sitio Web se encuentra sometido a todos los avisos, condiciones de uso e instrucciones, puestos en conocimiento del usuario por MAINCA MAQUINARIA, S.L.U. que sustituyan, completen y\/o modifiquen el presente Aviso Legal.<\/p>\n<p><strong>CONDICIONES DEL SITIO WEB<\/strong><\/p>\n<p>El usuario se compromete a hacer uso de los servicios, productos y utilidades ofrecidos por MAINCA MAQUINARIA, S.L.U. a trav\u00e9s del sitio Web www.mainca.es de conformidad con la ley, este Aviso Legal y dem\u00e1s avisos e instrucciones puestos en su conocimiento, as\u00ed como con la moral y las buenas costumbres generalmente aceptadas y el orden p\u00fablico.<\/p>\n<p>Con car\u00e1cter general, el acceso a la informaci\u00f3n y utilidades del sitio Web www.mainca.es no exige una previa suscripci\u00f3n o registro de usuario. No obstante lo anterior, el acceso a alguno de los servicios o productos que se ofrezcan a trav\u00e9s del sitio Web www.mainca.es puede estar condicionado a la previa cumplimentaci\u00f3n del formulario de suscripci\u00f3n o registro. A estos efectos el usuario garantiza la autenticidad y veracidad de todos aquellos datos personales que comunique al cumplimentar el formulario de suscripci\u00f3n o registro. El usuario se compromete y responsabiliza de mantener toda la informaci\u00f3n facilitada de forma que responda, en cada momento, a su situaci\u00f3n actual. El tratamiento de los datos de car\u00e1cter personal suministrados por el usuario se realizar\u00e1 por MAINCA MAQUINARIA, S.L.U. con sujeci\u00f3n a la Pol\u00edtica de Privacidad contenida en este sitio Web.<\/p>\n<p>&nbsp;<\/p>\n<p>&nbsp;<\/p>\n<p><strong>DERECHOS DE PROPIEDAD INTELECTUAL E INDUSTRIAL<\/strong><\/p>\n<p>Todas las marcas, nombres comerciales, signos distintivos, servicios, contenidos e informaciones de cualquier clase que aparecen en este sitio Web son propiedad de MAINCA MAQUINARIA, S.L.U., por lo que no podr\u00e1n ser reproducidos, distribuidos, comunicados p\u00fablicamente, transformados o modificados sin la autorizaci\u00f3n expresa de esta empresa. Por contenidos de este sitio Web entendemos, sin que esta enumeraci\u00f3n tenga car\u00e1cter limitativo, los textos, fotograf\u00edas, gr\u00e1ficos, im\u00e1genes, software, links y dem\u00e1s contenidos audiovisuales o sonoros, as\u00ed como su dise\u00f1o gr\u00e1fico y c\u00f3digos fuente.<\/p>\n<p>El usuario se abstendr\u00e1 de obtener los contenidos empleando para ello medios o procedimientos distintos de los que, seg\u00fan los casos, se han puesto a su disposici\u00f3n o, en general, de los que se empleen habitualmente en Internet siempre que, estos \u00faltimos, no entra\u00f1en un riesgo o da\u00f1o o inutilizaci\u00f3n del sitio Web y\/o sus contenidos.<\/p>\n<p>Las posibles referencias que se hagan en el sitio Web de MAINCA MAQUINARIA, S.L.U. a cualquier producto, servicio, proceso, enlace, hipertexto o cualquier otra informaci\u00f3n utilizando la marca, el nombre comercial o el fabricante o suministrador, etc. que sean de titularidad de terceros no constituye o implica respaldo, patrocinio o recomendaci\u00f3n por parte de MAINCA MAQUINARIA, S.L.U..<\/p>\n<p><strong>Exclusi\u00f3n de responsabilidades y garant\u00edas<\/strong><\/p>\n<ol>\n<li>Contenidos:<\/li>\n<\/ol>\n<p>Los datos, textos, informaciones, im\u00e1genes o sonidos publicados en el sitio Web www.mainca.es son mostrados con efectos meramente informativos para todas aquellas personas interesadas en los mismos, sin que su acceso genere relaci\u00f3n comercial, contractual o profesional entre los usuarios y MAINCA MAQUINARIA, S.L.U. En caso de discrepancia entre la informaci\u00f3n contenida en el sitio Web y la contenida en papel, prevalecer\u00e1 esta \u00faltima. Se advierte al usuario que antes de emprender cualquier acci\u00f3n derivada del contenido del sitio Web, proceda a verificar la informaci\u00f3n obtenida poni\u00e9ndose en contacto con el departamento de Atenci\u00f3n al Cliente en el tel\u00e9fono 965386138 o en la direcci\u00f3n de correo electr\u00f3nico administracion@mainca.es.<\/p>\n<ol start=\"2\">\n<li>Disponibilidad y continuidad:<\/li>\n<\/ol>\n<p>MAINCA MAQUINARIA, S.L.U. excluye, con toda la extensi\u00f3n que permite nuestro ordenamiento jur\u00eddico, cualquier responsabilidad por los da\u00f1os y perjuicios de toda naturaleza causados por la falta de disponibilidad o de continuidad del acceso al sitio Web y sus servicios. El acceso a la informaci\u00f3n y servicios que presta este sitio Web tiene, en principio, una duraci\u00f3n indefinida. No obstante, MAINCA MAQUINARIA, S.L.U. podr\u00e1 dar por terminada o suspender el acceso a su sitio Web en cualquier momento.<\/p>\n<ol start=\"3\">\n<li>Virus y c\u00f3digos maliciosos:<\/li>\n<\/ol>\n<p>MAINCA MAQUINARIA, S.L.U. excluye, con toda la extensi\u00f3n que permite nuestro ordenamiento jur\u00eddico, cualquier responsabilidad por los da\u00f1os y perjuicios de toda naturaleza que puedan deberse a la presencia de virus u otros c\u00f3digos maliciosos en los contenidos que puedan producir cualquier tipo de da\u00f1os en el sistema inform\u00e1tico, documentos electr\u00f3nicos o ficheros de los usuarios.<\/p>\n<ol start=\"4\">\n<li>Linking:<\/li>\n<\/ol>\n<p>MAINCA MAQUINARIA, S.L.U. excluye, con toda la extensi\u00f3n que permite nuestro ordenamiento jur\u00eddico, cualquier responsabilidad por los da\u00f1os y perjuicios de toda naturaleza causados a los usuarios por el uso de dispositivos t\u00e9cnicos de enlaces (links), directorios y herramientas de b\u00fasqueda, que permiten a los usuarios acceder a sitios Web pertenecientes y\/o gestionados por terceros.<\/p>\n<ol start=\"5\">\n<li>Uso il\u00edcito:<\/li>\n<\/ol>\n<p>MAINCA MAQUINARIA, S.L.U. no se hace responsable del incumplimiento de cualquier norma aplicable en que pueda incurrir el usuario en su acceso al sitio Web y\/o utilizaci\u00f3n de las informaciones contenidas en la misma. Tampoco se hace responsable del uso ileg\u00edtimo que terceras personas puedan hacer de los nombres comerciales, marcas u otros signos distintivos que, no siendo propiedad de MAINCA MAQUINARIA, S.L.U. , aparezcan en el sitio Web.<\/p>\n<p><strong>Protecci\u00f3n de datos de car\u00e1cter personal<\/strong><\/p>\n<p>Para contratar alguno de los servicios o productos de este sitio Web, deber\u00e1 rellenarse el correspondiente formulario de datos personales o el formulario de suscripci\u00f3n o registro. MAINCA MAQUINARIA, S.L.U. tratar\u00e1 estos datos personales con estricta sujeci\u00f3n a su pol\u00edtica de privacidad contenida en este sitio Web.<\/p>\n<p><strong>CAMPA\u00d1AS PUBLICITARIAS<\/strong><\/p>\n<p>MAINCA MAQUINARIA, S.L.U. mantiene activas campa\u00f1as de publicidad para la promoci\u00f3n de la empresa. Todas las campa\u00f1as que se realizan en entornos online o en otro tipo de entornos remiten a este sitio Web. Las campa\u00f1as publicitarias respetan escrupulosamente la Ley de Competencia Desleal y la Ley General de Publicidad.<\/p>\n<p><strong>NOTIFICACIONES<\/strong><\/p>\n<p>Todas las notificaciones o comunicaciones realizadas por los usuarios a MAINCA MAQUINARIA, S.L.U. se considerar\u00e1n eficaces, a todos los efectos, cuando se dirijan al Servicio de Atenci\u00f3n al Cliente por alguna de las siguientes formas:<\/p>\n<ul>\n<li>Mediante env\u00edo postal a la siguiente direcci\u00f3n: calle Pizarro, n\u00ba 37, Bajo,Elda, 03600, Alicante.<\/li>\n<li>Mediante llamada telef\u00f3nica al n\u00famero 965386138.<\/li>\n<li>Mediante env\u00edo de e-mail a su direcci\u00f3n de correo electr\u00f3nico administracion@mainca.es<\/li>\n<\/ul>\n<p>De igual forma, todas las notificaciones que realice MAINCA MAQUINARIA, S.L.U. al usuario se considerar\u00e1n eficaces, a todos los efectos, cuando se realicen por alguna de las siguientes formas:<\/p>\n<ul>\n<li>Mediante env\u00edo postal a la direcci\u00f3n que el usuario haya previamente puesto en conocimiento de la empresa.<\/li>\n<li>Mediante llamada telef\u00f3nica o fax al n\u00famero que el usuario haya puesto previamente en conocimiento de la empresa.<\/li>\n<li>Mediante env\u00edo de e-mail a la direcci\u00f3n de correo electr\u00f3nico que el usuario haya puesto previamente en conocimiento de la empresa.<\/li>\n<\/ul>\n<p>Por lo tanto, para que estas notificaciones puedan llevarse a efecto es preciso que el usuario manifieste que todos los datos facilitados por \u00e9l son ciertos y actuales, comprometi\u00e9ndose a notificar cualquier modificaci\u00f3n de los mismos.<\/p>\n<p>&nbsp;<\/p>\n<p><strong>LEGISLACI\u00d3N Y JURIDICCI\u00d3N<\/strong><\/p>\n<p>La Legislaci\u00f3n aplicable al presente Aviso Legal ser\u00e1 la legislaci\u00f3n espa\u00f1ola, y la jurisdicci\u00f3n competente para conocer de cualesquiera demandas que este sitio Web suscite ser\u00e1 la de los Juzgados y Tribunales de Elda (Alicante).<\/p>\n<p>&nbsp;<\/p>\n","protected":false},"excerpt":{"rendered":"<p>CONDICIONES GENERALES LSSICE INFORMACI\u00f3N LEGAL, USO DEL SITIO WEB Y ACEPTACI\u00f3N El presente Aviso Legal establece la informaci\u00f3n general que los prestadores de servicios de la sociedad de la informaci\u00f3n&#8230;<\/p>\n","protected":false},"author":1,"featured_media":0,"parent":0,"menu_order":0,"comment_status":"closed","ping_status":"closed","template":"","meta":{"_mi_skip_tracking":false,"footnotes":""},"yoast_head":"<!-- This site is optimized with the Yoast SEO plugin v20.2.1 - https:\/\/yoast.com\/wordpress\/plugins\/seo\/ -->\n<title>AVISOS LEGALES - Mainca<\/title>\n<meta name=\"robots\" content=\"index, follow, max-snippet:-1, max-image-preview:large, max-video-preview:-1\" \/>\n<link rel=\"canonical\" href=\"http:\/\/www.mainca.es\/index.php\/avisos-legales\/\" \/>\n<meta property=\"og:locale\" content=\"es_ES\" \/>\n<meta property=\"og:type\" content=\"article\" \/>\n<meta property=\"og:title\" content=\"AVISOS LEGALES - Mainca\" \/>\n<meta property=\"og:description\" content=\"CONDICIONES GENERALES LSSICE INFORMACI\u00f3N LEGAL, USO DEL SITIO WEB Y ACEPTACI\u00f3N El presente Aviso Legal establece la informaci\u00f3n general que los prestadores de servicios de la sociedad de la informaci\u00f3n...\" \/>\n<meta property=\"og:url\" content=\"http:\/\/www.mainca.es\/index.php\/avisos-legales\/\" \/>\n<meta property=\"og:site_name\" content=\"Mainca\" \/>\n<meta property=\"article:modified_time\" content=\"2024-01-22T08:54:00+00:00\" \/>\n<meta name=\"twitter:card\" content=\"summary_large_image\" \/>\n<meta name=\"twitter:label1\" content=\"Tiempo de lectura\" \/>\n\t<meta name=\"twitter:data1\" content=\"7 minutos\" \/>\n<script type=\"application\/ld+json\" class=\"yoast-schema-graph\">{\"@context\":\"https:\/\/schema.org\",\"@graph\":[{\"@type\":\"WebPage\",\"@id\":\"http:\/\/www.mainca.es\/index.php\/avisos-legales\/\",\"url\":\"http:\/\/www.mainca.es\/index.php\/avisos-legales\/\",\"name\":\"AVISOS LEGALES - Mainca\",\"isPartOf\":{\"@id\":\"http:\/\/www.mainca.es\/#website\"},\"datePublished\":\"2017-11-22T16:51:12+00:00\",\"dateModified\":\"2024-01-22T08:54:00+00:00\",\"breadcrumb\":{\"@id\":\"http:\/\/www.mainca.es\/index.php\/avisos-legales\/#breadcrumb\"},\"inLanguage\":\"es\",\"potentialAction\":[{\"@type\":\"ReadAction\",\"target\":[\"http:\/\/www.mainca.es\/index.php\/avisos-legales\/\"]}]},{\"@type\":\"BreadcrumbList\",\"@id\":\"http:\/\/www.mainca.es\/index.php\/avisos-legales\/#breadcrumb\",\"itemListElement\":[{\"@type\":\"ListItem\",\"position\":1,\"name\":\"Portada\",\"item\":\"http:\/\/www.mainca.es\/\"},{\"@type\":\"ListItem\",\"position\":2,\"name\":\"AVISOS LEGALES\"}]},{\"@type\":\"WebSite\",\"@id\":\"http:\/\/www.mainca.es\/#website\",\"url\":\"http:\/\/www.mainca.es\/\",\"name\":\"Mainca\",\"description\":\"Mainca. Maquinaria para el calzado\",\"potentialAction\":[{\"@type\":\"SearchAction\",\"target\":{\"@type\":\"EntryPoint\",\"urlTemplate\":\"http:\/\/www.mainca.es\/?s={search_term_string}\"},\"query-input\":\"required name=search_term_string\"}],\"inLanguage\":\"es\"}]}<\/script>\n<!-- \/ Yoast SEO plugin. -->","yoast_head_json":{"title":"AVISOS LEGALES - Mainca","robots":{"index":"index","follow":"follow","max-snippet":"max-snippet:-1","max-image-preview":"max-image-preview:large","max-video-preview":"max-video-preview:-1"},"canonical":"http:\/\/www.mainca.es\/index.php\/avisos-legales\/","og_locale":"es_ES","og_type":"article","og_title":"AVISOS LEGALES - Mainca","og_description":"CONDICIONES GENERALES LSSICE INFORMACI\u00f3N LEGAL, USO DEL SITIO WEB Y ACEPTACI\u00f3N El presente Aviso Legal establece la informaci\u00f3n general que los prestadores de servicios de la sociedad de la informaci\u00f3n...","og_url":"http:\/\/www.mainca.es\/index.php\/avisos-legales\/","og_site_name":"Mainca","article_modified_time":"2024-01-22T08:54:00+00:00","twitter_card":"summary_large_image","twitter_misc":{"Tiempo de lectura":"7 minutos"},"schema":{"@context":"https:\/\/schema.org","@graph":[{"@type":"WebPage","@id":"http:\/\/www.mainca.es\/index.php\/avisos-legales\/","url":"http:\/\/www.mainca.es\/index.php\/avisos-legales\/","name":"AVISOS LEGALES - Mainca","isPartOf":{"@id":"http:\/\/www.mainca.es\/#website"},"datePublished":"2017-11-22T16:51:12+00:00","dateModified":"2024-01-22T08:54:00+00:00","breadcrumb":{"@id":"http:\/\/www.mainca.es\/index.php\/avisos-legales\/#breadcrumb"},"inLanguage":"es","potentialAction":[{"@type":"ReadAction","target":["http:\/\/www.mainca.es\/index.php\/avisos-legales\/"]}]},{"@type":"BreadcrumbList","@id":"http:\/\/www.mainca.es\/index.php\/avisos-legales\/#breadcrumb","itemListElement":[{"@type":"ListItem","position":1,"name":"Portada","item":"http:\/\/www.mainca.es\/"},{"@type":"ListItem","position":2,"name":"AVISOS LEGALES"}]},{"@type":"WebSite","@id":"http:\/\/www.mainca.es\/#website","url":"http:\/\/www.mainca.es\/","name":"Mainca","description":"Mainca. Maquinaria para el calzado","potentialAction":[{"@type":"SearchAction","target":{"@type":"EntryPoint","urlTemplate":"http:\/\/www.mainca.es\/?s={search_term_string}"},"query-input":"required name=search_term_string"}],"inLanguage":"es"}]}},"_links":{"self":[{"href":"http:\/\/www.mainca.es\/index.php\/wp-json\/wp\/v2\/pages\/472"}],"collection":[{"href":"http:\/\/www.mainca.es\/index.php\/wp-json\/wp\/v2\/pages"}],"about":[{"href":"http:\/\/www.mainca.es\/index.php\/wp-json\/wp\/v2\/types\/page"}],"author":[{"embeddable":true,"href":"http:\/\/www.mainca.es\/index.php\/wp-json\/wp\/v2\/users\/1"}],"replies":[{"embeddable":true,"href":"http:\/\/www.mainca.es\/index.php\/wp-json\/wp\/v2\/comments?post=472"}],"version-history":[{"count":11,"href":"http:\/\/www.mainca.es\/index.php\/wp-json\/wp\/v2\/pages\/472\/revisions"}],"predecessor-version":[{"id":6945,"href":"http:\/\/www.mainca.es\/index.php\/wp-json\/wp\/v2\/pages\/472\/revisions\/6945"}],"wp:attachment":[{"href":"http:\/\/www.mainca.es\/index.php\/wp-json\/wp\/v2\/media?parent=472"}],"curies":[{"name":"wp","href":"https:\/\/api.w.org\/{rel}","templated":true}]}}