{"id":6400,"date":"2018-11-20T16:53:30","date_gmt":"2018-11-20T16:53:30","guid":{"rendered":"http:\/\/www.mainca.es\/?post_type=product&#038;p=6400"},"modified":"2018-11-20T17:35:41","modified_gmt":"2018-11-20T17:35:41","slug":"easycut-9060-y-90120","status":"publish","type":"product","link":"http:\/\/www.mainca.es\/index.php\/producto\/easycut-9060-y-90120\/","title":{"rendered":"EasyCut 9060 y 90120"},"content":{"rendered":"[vc_row type=\u00bbin_container\u00bb full_screen_row_position=\u00bbmiddle\u00bb scene_position=\u00bbcenter\u00bb text_color=\u00bbdark\u00bb text_align=\u00bbleft\u00bb overlay_strength=\u00bb0.3&#8243; shape_divider_position=\u00bbbottom\u00bb][vc_column column_padding=\u00bbno-extra-padding\u00bb column_padding_position=\u00bball\u00bb background_color_opacity=\u00bb1&#8243; background_hover_color_opacity=\u00bb1&#8243; column_link_target=\u00bb_self\u00bb column_shadow=\u00bbnone\u00bb column_border_radius=\u00bbnone\u00bb width=\u00bb1\/1&#8243; tablet_width_inherit=\u00bbdefault\u00bb tablet_text_alignment=\u00bbdefault\u00bb phone_text_alignment=\u00bbdefault\u00bb column_border_width=\u00bbnone\u00bb column_border_style=\u00bbsolid\u00bb][vc_column_text]\n<table id=\"tablepress-2\" class=\"tablepress tablepress-id-2\">\n<thead>\n<tr class=\"row-1 odd\">\n\t<th class=\"column-1\">MODELO<\/th><th class=\"column-2\">ANCHO DE CORTE (mm)<\/th><th class=\"column-3\">LARGO DE CORTE (mm)<\/th>\n<\/tr>\n<\/thead>\n<tbody class=\"row-hover\">\n<tr class=\"row-2 even\">\n\t<td class=\"column-1\">EASYCUT 9060<\/td><td class=\"column-2\">620<\/td><td class=\"column-3\">910<\/td>\n<\/tr>\n<tr class=\"row-3 odd\">\n\t<td class=\"column-1\">EASYCUT 90120 <\/td><td class=\"column-2\">1200<\/td><td class=\"column-3\">910<\/td>\n<\/tr>\n<\/tbody>\n<\/table>\n<!-- #tablepress-2 from cache -->[\/vc_column_text][\/vc_column][\/vc_row][vc_row type=\u00bbfull_width_content\u00bb full_screen_row_position=\u00bbmiddle\u00bb equal_height=\u00bbyes\u00bb content_placement=\u00bbmiddle\u00bb bg_color=\u00bb#e5e5e5&#8243; scene_position=\u00bbcenter\u00bb text_color=\u00bblight\u00bb text_align=\u00bbleft\u00bb top_padding=\u00bb5%\u00bb bottom_padding=\u00bb5%\u00bb id=\u00bbdiscover\u00bb row_name=\u00bbDiscover\u00bb disable_ken_burns=\u00bbyes\u00bb overlay_strength=\u00bb0.3&#8243; shape_divider_position=\u00bbbottom\u00bb shape_type=\u00bb\u00bb][vc_column column_padding=\u00bbno-extra-padding\u00bb column_padding_position=\u00bball\u00bb background_color_opacity=\u00bb1&#8243; background_hover_color_opacity=\u00bb1&#8243; column_link_target=\u00bb_self\u00bb column_shadow=\u00bbnone\u00bb column_border_radius=\u00bbnone\u00bb width=\u00bb1\/6&#8243; tablet_width_inherit=\u00bbdefault\u00bb tablet_text_alignment=\u00bbdefault\u00bb phone_text_alignment=\u00bbdefault\u00bb column_border_width=\u00bbnone\u00bb column_border_style=\u00bbsolid\u00bb offset=\u00bbvc_hidden-sm vc_hidden-xs\u00bb][\/vc_column][vc_column column_padding=\u00bbpadding-3-percent\u00bb column_padding_position=\u00bball\u00bb background_color_opacity=\u00bb1&#8243; background_hover_color_opacity=\u00bb1&#8243; column_link_target=\u00bb_self\u00bb column_shadow=\u00bbnone\u00bb column_border_radius=\u00bbnone\u00bb width=\u00bb1\/3&#8243; tablet_width_inherit=\u00bbdefault\u00bb tablet_text_alignment=\u00bbdefault\u00bb phone_text_alignment=\u00bbdefault\u00bb column_border_width=\u00bbnone\u00bb column_border_style=\u00bbsolid\u00bb][vc_row_inner column_margin=\u00bbdefault\u00bb text_align=\u00bbleft\u00bb][vc_column_inner enable_animation=\u00bbtrue\u00bb animation=\u00bbfade-in-from-bottom\u00bb column_padding=\u00bbno-extra-padding\u00bb column_padding_position=\u00bball\u00bb background_color_opacity=\u00bb1&#8243; background_hover_color_opacity=\u00bb1&#8243; font_color=\u00bb#08a14e\u00bb column_shadow=\u00bbnone\u00bb column_border_radius=\u00bbnone\u00bb column_link_target=\u00bb_self\u00bb width=\u00bb1\/1&#8243; tablet_width_inherit=\u00bbdefault\u00bb column_border_width=\u00bbnone\u00bb column_border_style=\u00bbsolid\u00bb][vc_column_text]\n<h2>\u00bfQuieres m\u00e1s informaci\u00f3n?<\/h2>\n[\/vc_column_text][\/vc_column_inner][\/vc_row_inner][vc_row_inner column_margin=\u00bbdefault\u00bb text_align=\u00bbleft\u00bb][vc_column_inner enable_animation=\u00bbtrue\u00bb animation=\u00bbfade-in-from-bottom\u00bb column_padding=\u00bbno-extra-padding\u00bb column_padding_position=\u00bball\u00bb background_color_opacity=\u00bb1&#8243; background_hover_color_opacity=\u00bb1&#8243; font_color=\u00bb#333333&#8243; column_shadow=\u00bbnone\u00bb column_border_radius=\u00bbnone\u00bb column_link_target=\u00bb_self\u00bb width=\u00bb1\/1&#8243; tablet_width_inherit=\u00bbdefault\u00bb column_border_width=\u00bbnone\u00bb column_border_style=\u00bbsolid\u00bb delay=\u00bb200&#8243;][vc_column_text css=\u00bb.vc_custom_1540378379917{margin-top: 20px !important;}\u00bb]Si deseas m\u00e1s informaci\u00f3n estaremos encantados de poder ayudarte. Pulsa en m\u00e1s informaci\u00f3n y env\u00edanos el formulario con tu consulta.[\/vc_column_text][\/vc_column_inner][\/vc_row_inner]<div class=\"divider-wrap\" data-alignment=\"default\"><div style=\"height: 25px;\" class=\"divider\"><\/div><\/div>[nectar_btn size=\u00bbmedium\u00bb button_style=\u00bbsee-through-3d\u00bb color_override=\u00bb#08a14e\u00bb text=\u00bbm\u00e1s informaci\u00f3n\u00bb][\/vc_column][vc_column enable_animation=\u00bbtrue\u00bb animation=\u00bbgrow-in\u00bb column_padding=\u00bbpadding-3-percent\u00bb column_padding_position=\u00bball\u00bb background_color_opacity=\u00bb1&#8243; background_hover_color_opacity=\u00bb1&#8243; column_link_target=\u00bb_self\u00bb column_shadow=\u00bbnone\u00bb column_border_radius=\u00bbnone\u00bb width=\u00bb1\/3&#8243; tablet_width_inherit=\u00bbdefault\u00bb tablet_text_alignment=\u00bbdefault\u00bb phone_text_alignment=\u00bbdefault\u00bb column_border_width=\u00bbnone\u00bb column_border_style=\u00bbsolid\u00bb][\/vc_column][vc_column column_padding=\u00bbno-extra-padding\u00bb column_padding_position=\u00bball\u00bb background_color_opacity=\u00bb1&#8243; background_hover_color_opacity=\u00bb1&#8243; column_link_target=\u00bb_self\u00bb column_shadow=\u00bbnone\u00bb column_border_radius=\u00bbnone\u00bb width=\u00bb1\/6&#8243; tablet_width_inherit=\u00bbdefault\u00bb tablet_text_alignment=\u00bbdefault\u00bb phone_text_alignment=\u00bbdefault\u00bb column_border_width=\u00bbnone\u00bb column_border_style=\u00bbsolid\u00bb offset=\u00bbvc_hidden-sm vc_hidden-xs\u00bb][\/vc_column][\/vc_row]\n","protected":false},"excerpt":{"rendered":"<h5>Ideal para corte y medio corte de cartulinas de diferentes gramajes, vinilos, espumas de baja densidad y espesor, etc<br \/>\nCabezal de corte con cuchilla y bol\u00edgrafo<br \/>\nsujeci\u00f3n del material en el \u00e1rea de corte mediante vac\u00edo generado por bomba de aspiraci\u00f3n monof\u00e1sica<br \/>\nCapacidad de corte total o medio corte (kiss cutting) simult\u00e1neamente<\/h5>\n","protected":false},"featured_media":6406,"comment_status":"open","ping_status":"closed","template":"","meta":{"_mi_skip_tracking":false},"product_cat":[66,67,73,118],"product_tag":[117],"yoast_head":"<!-- This site is optimized with the Yoast SEO plugin v20.2.1 - https:\/\/yoast.com\/wordpress\/plugins\/seo\/ -->\n<title>EasyCut 9060 y 90120 - Mainca<\/title>\n<meta name=\"robots\" content=\"index, follow, max-snippet:-1, max-image-preview:large, max-video-preview:-1\" \/>\n<link rel=\"canonical\" href=\"http:\/\/www.mainca.es\/index.php\/producto\/easycut-9060-y-90120\/\" \/>\n<meta property=\"og:locale\" content=\"es_ES\" \/>\n<meta property=\"og:type\" content=\"article\" \/>\n<meta property=\"og:title\" content=\"EasyCut 9060 y 90120 - Mainca\" \/>\n<meta property=\"og:description\" content=\"Ideal para corte y medio corte de cartulinas de diferentes gramajes, vinilos, espumas de baja densidad y espesor, etc Cabezal de corte con cuchilla y bol\u00edgrafo sujeci\u00f3n del material en el \u00e1rea de corte mediante vac\u00edo generado por bomba de aspiraci\u00f3n monof\u00e1sica Capacidad de corte total o medio corte (kiss cutting) simult\u00e1neamente\" \/>\n<meta property=\"og:url\" content=\"http:\/\/www.mainca.es\/index.php\/producto\/easycut-9060-y-90120\/\" \/>\n<meta property=\"og:site_name\" content=\"Mainca\" \/>\n<meta property=\"article:modified_time\" content=\"2018-11-20T17:35:41+00:00\" \/>\n<meta property=\"og:image\" content=\"http:\/\/www.mainca.es\/wp-content\/uploads\/2018\/11\/Atom_EasyCut-1.png\" \/>\n\t<meta property=\"og:image:width\" content=\"800\" \/>\n\t<meta property=\"og:image:height\" content=\"612\" \/>\n\t<meta property=\"og:image:type\" content=\"image\/png\" \/>\n<meta name=\"twitter:card\" content=\"summary_large_image\" \/>\n<meta name=\"twitter:label1\" content=\"Tiempo de lectura\" \/>\n\t<meta name=\"twitter:data1\" content=\"3 minutos\" \/>\n<script type=\"application\/ld+json\" class=\"yoast-schema-graph\">{\"@context\":\"https:\/\/schema.org\",\"@graph\":[{\"@type\":\"WebPage\",\"@id\":\"http:\/\/www.mainca.es\/index.php\/producto\/easycut-9060-y-90120\/\",\"url\":\"http:\/\/www.mainca.es\/index.php\/producto\/easycut-9060-y-90120\/\",\"name\":\"EasyCut 9060 y 90120 - Mainca\",\"isPartOf\":{\"@id\":\"http:\/\/www.mainca.es\/#website\"},\"datePublished\":\"2018-11-20T16:53:30+00:00\",\"dateModified\":\"2018-11-20T17:35:41+00:00\",\"breadcrumb\":{\"@id\":\"http:\/\/www.mainca.es\/index.php\/producto\/easycut-9060-y-90120\/#breadcrumb\"},\"inLanguage\":\"es\",\"potentialAction\":[{\"@type\":\"ReadAction\",\"target\":[\"http:\/\/www.mainca.es\/index.php\/producto\/easycut-9060-y-90120\/\"]}]},{\"@type\":\"BreadcrumbList\",\"@id\":\"http:\/\/www.mainca.es\/index.php\/producto\/easycut-9060-y-90120\/#breadcrumb\",\"itemListElement\":[{\"@type\":\"ListItem\",\"position\":1,\"name\":\"Portada\",\"item\":\"http:\/\/www.mainca.es\/\"},{\"@type\":\"ListItem\",\"position\":2,\"name\":\"Productos\",\"item\":\"http:\/\/www.mainca.es\/index.php\/shop\/\"},{\"@type\":\"ListItem\",\"position\":3,\"name\":\"EasyCut 9060 y 90120\"}]},{\"@type\":\"WebSite\",\"@id\":\"http:\/\/www.mainca.es\/#website\",\"url\":\"http:\/\/www.mainca.es\/\",\"name\":\"Mainca\",\"description\":\"Mainca. Maquinaria para el calzado\",\"potentialAction\":[{\"@type\":\"SearchAction\",\"target\":{\"@type\":\"EntryPoint\",\"urlTemplate\":\"http:\/\/www.mainca.es\/?s={search_term_string}\"},\"query-input\":\"required name=search_term_string\"}],\"inLanguage\":\"es\"}]}<\/script>\n<!-- \/ Yoast SEO plugin. -->","yoast_head_json":{"title":"EasyCut 9060 y 90120 - Mainca","robots":{"index":"index","follow":"follow","max-snippet":"max-snippet:-1","max-image-preview":"max-image-preview:large","max-video-preview":"max-video-preview:-1"},"canonical":"http:\/\/www.mainca.es\/index.php\/producto\/easycut-9060-y-90120\/","og_locale":"es_ES","og_type":"article","og_title":"EasyCut 9060 y 90120 - Mainca","og_description":"Ideal para corte y medio corte de cartulinas de diferentes gramajes, vinilos, espumas de baja densidad y espesor, etc Cabezal de corte con cuchilla y bol\u00edgrafo sujeci\u00f3n del material en el \u00e1rea de corte mediante vac\u00edo generado por bomba de aspiraci\u00f3n monof\u00e1sica Capacidad de corte total o medio corte (kiss cutting) simult\u00e1neamente","og_url":"http:\/\/www.mainca.es\/index.php\/producto\/easycut-9060-y-90120\/","og_site_name":"Mainca","article_modified_time":"2018-11-20T17:35:41+00:00","og_image":[{"width":800,"height":612,"url":"http:\/\/www.mainca.es\/wp-content\/uploads\/2018\/11\/Atom_EasyCut-1.png","type":"image\/png"}],"twitter_card":"summary_large_image","twitter_misc":{"Tiempo de lectura":"3 minutos"},"schema":{"@context":"https:\/\/schema.org","@graph":[{"@type":"WebPage","@id":"http:\/\/www.mainca.es\/index.php\/producto\/easycut-9060-y-90120\/","url":"http:\/\/www.mainca.es\/index.php\/producto\/easycut-9060-y-90120\/","name":"EasyCut 9060 y 90120 - Mainca","isPartOf":{"@id":"http:\/\/www.mainca.es\/#website"},"datePublished":"2018-11-20T16:53:30+00:00","dateModified":"2018-11-20T17:35:41+00:00","breadcrumb":{"@id":"http:\/\/www.mainca.es\/index.php\/producto\/easycut-9060-y-90120\/#breadcrumb"},"inLanguage":"es","potentialAction":[{"@type":"ReadAction","target":["http:\/\/www.mainca.es\/index.php\/producto\/easycut-9060-y-90120\/"]}]},{"@type":"BreadcrumbList","@id":"http:\/\/www.mainca.es\/index.php\/producto\/easycut-9060-y-90120\/#breadcrumb","itemListElement":[{"@type":"ListItem","position":1,"name":"Portada","item":"http:\/\/www.mainca.es\/"},{"@type":"ListItem","position":2,"name":"Productos","item":"http:\/\/www.mainca.es\/index.php\/shop\/"},{"@type":"ListItem","position":3,"name":"EasyCut 9060 y 90120"}]},{"@type":"WebSite","@id":"http:\/\/www.mainca.es\/#website","url":"http:\/\/www.mainca.es\/","name":"Mainca","description":"Mainca. Maquinaria para el calzado","potentialAction":[{"@type":"SearchAction","target":{"@type":"EntryPoint","urlTemplate":"http:\/\/www.mainca.es\/?s={search_term_string}"},"query-input":"required name=search_term_string"}],"inLanguage":"es"}]}},"_links":{"self":[{"href":"http:\/\/www.mainca.es\/index.php\/wp-json\/wp\/v2\/product\/6400"}],"collection":[{"href":"http:\/\/www.mainca.es\/index.php\/wp-json\/wp\/v2\/product"}],"about":[{"href":"http:\/\/www.mainca.es\/index.php\/wp-json\/wp\/v2\/types\/product"}],"replies":[{"embeddable":true,"href":"http:\/\/www.mainca.es\/index.php\/wp-json\/wp\/v2\/comments?post=6400"}],"wp:featuredmedia":[{"embeddable":true,"href":"http:\/\/www.mainca.es\/index.php\/wp-json\/wp\/v2\/media\/6406"}],"wp:attachment":[{"href":"http:\/\/www.mainca.es\/index.php\/wp-json\/wp\/v2\/media?parent=6400"}],"wp:term":[{"taxonomy":"product_cat","embeddable":true,"href":"http:\/\/www.mainca.es\/index.php\/wp-json\/wp\/v2\/product_cat?post=6400"},{"taxonomy":"product_tag","embeddable":true,"href":"http:\/\/www.mainca.es\/index.php\/wp-json\/wp\/v2\/product_tag?post=6400"}],"curies":[{"name":"wp","href":"https:\/\/api.w.org\/{rel}","templated":true}]}}