{"id":6484,"date":"2018-11-21T11:42:50","date_gmt":"2018-11-21T11:42:50","guid":{"rendered":"http:\/\/www.mainca.es\/?post_type=product&#038;p=6484"},"modified":"2019-10-29T15:29:38","modified_gmt":"2019-10-29T15:29:38","slug":"885","status":"publish","type":"product","link":"http:\/\/www.mainca.es\/index.php\/producto\/885\/","title":{"rendered":"Mod 885"},"content":{"rendered":"[vc_row type=\u00bbfull_width_content\u00bb full_screen_row_position=\u00bbmiddle\u00bb equal_height=\u00bbyes\u00bb content_placement=\u00bbmiddle\u00bb bg_color=\u00bb#e5e5e5&#8243; scene_position=\u00bbcenter\u00bb text_color=\u00bblight\u00bb text_align=\u00bbleft\u00bb top_padding=\u00bb5%\u00bb bottom_padding=\u00bb5%\u00bb id=\u00bbdiscover\u00bb row_name=\u00bbDiscover\u00bb disable_ken_burns=\u00bbyes\u00bb overlay_strength=\u00bb0.3&#8243; shape_divider_position=\u00bbbottom\u00bb shape_type=\u00bb\u00bb][vc_column column_padding=\u00bbno-extra-padding\u00bb column_padding_position=\u00bball\u00bb background_color_opacity=\u00bb1&#8243; background_hover_color_opacity=\u00bb1&#8243; column_link_target=\u00bb_self\u00bb column_shadow=\u00bbnone\u00bb column_border_radius=\u00bbnone\u00bb width=\u00bb1\/6&#8243; tablet_width_inherit=\u00bbdefault\u00bb tablet_text_alignment=\u00bbdefault\u00bb phone_text_alignment=\u00bbdefault\u00bb column_border_width=\u00bbnone\u00bb column_border_style=\u00bbsolid\u00bb offset=\u00bbvc_hidden-sm vc_hidden-xs\u00bb][\/vc_column][vc_column column_padding=\u00bbpadding-3-percent\u00bb column_padding_position=\u00bball\u00bb background_color_opacity=\u00bb1&#8243; background_hover_color_opacity=\u00bb1&#8243; column_link_target=\u00bb_self\u00bb column_shadow=\u00bbnone\u00bb column_border_radius=\u00bbnone\u00bb width=\u00bb1\/3&#8243; tablet_width_inherit=\u00bbdefault\u00bb tablet_text_alignment=\u00bbdefault\u00bb phone_text_alignment=\u00bbdefault\u00bb column_border_width=\u00bbnone\u00bb column_border_style=\u00bbsolid\u00bb][vc_row_inner column_margin=\u00bbdefault\u00bb text_align=\u00bbleft\u00bb][vc_column_inner enable_animation=\u00bbtrue\u00bb animation=\u00bbfade-in-from-bottom\u00bb column_padding=\u00bbno-extra-padding\u00bb column_padding_position=\u00bball\u00bb background_color_opacity=\u00bb1&#8243; background_hover_color_opacity=\u00bb1&#8243; font_color=\u00bb#08a14e\u00bb column_shadow=\u00bbnone\u00bb column_border_radius=\u00bbnone\u00bb column_link_target=\u00bb_self\u00bb width=\u00bb1\/1&#8243; tablet_width_inherit=\u00bbdefault\u00bb column_border_width=\u00bbnone\u00bb column_border_style=\u00bbsolid\u00bb][vc_column_text]\n<h2>\u00bfQuieres m\u00e1s informaci\u00f3n?<\/h2>\n[\/vc_column_text][\/vc_column_inner][\/vc_row_inner][vc_row_inner column_margin=\u00bbdefault\u00bb text_align=\u00bbleft\u00bb][vc_column_inner enable_animation=\u00bbtrue\u00bb animation=\u00bbfade-in-from-bottom\u00bb column_padding=\u00bbno-extra-padding\u00bb column_padding_position=\u00bball\u00bb background_color_opacity=\u00bb1&#8243; background_hover_color_opacity=\u00bb1&#8243; font_color=\u00bb#333333&#8243; column_shadow=\u00bbnone\u00bb column_border_radius=\u00bbnone\u00bb column_link_target=\u00bb_self\u00bb width=\u00bb1\/1&#8243; tablet_width_inherit=\u00bbdefault\u00bb column_border_width=\u00bbnone\u00bb column_border_style=\u00bbsolid\u00bb delay=\u00bb200&#8243;][vc_column_text css=\u00bb.vc_custom_1540378379917{margin-top: 20px !important;}\u00bb]Si deseas m\u00e1s informaci\u00f3n estaremos encantados de poder ayudarte. Pulsa en m\u00e1s informaci\u00f3n y env\u00edanos el formulario con tu consulta.[\/vc_column_text][\/vc_column_inner][\/vc_row_inner]<div class=\"divider-wrap\" data-alignment=\"default\"><div style=\"height: 25px;\" class=\"divider\"><\/div><\/div>[nectar_btn size=\u00bbmedium\u00bb button_style=\u00bbsee-through-3d\u00bb color_override=\u00bb#08a14e\u00bb text=\u00bbm\u00e1s informaci\u00f3n\u00bb url=\u00bbhttp:\/\/www.mainca.es\/index.php\/contacto-informacion-sobre-maquinaria\/\u00bb][\/vc_column][vc_column enable_animation=\u00bbtrue\u00bb animation=\u00bbgrow-in\u00bb column_padding=\u00bbpadding-3-percent\u00bb column_padding_position=\u00bball\u00bb background_color_opacity=\u00bb1&#8243; background_hover_color_opacity=\u00bb1&#8243; column_link_target=\u00bb_self\u00bb column_shadow=\u00bbnone\u00bb column_border_radius=\u00bbnone\u00bb width=\u00bb1\/3&#8243; tablet_width_inherit=\u00bbdefault\u00bb tablet_text_alignment=\u00bbdefault\u00bb phone_text_alignment=\u00bbdefault\u00bb column_border_width=\u00bbnone\u00bb column_border_style=\u00bbsolid\u00bb][\/vc_column][vc_column column_padding=\u00bbno-extra-padding\u00bb column_padding_position=\u00bball\u00bb background_color_opacity=\u00bb1&#8243; background_hover_color_opacity=\u00bb1&#8243; column_link_target=\u00bb_self\u00bb column_shadow=\u00bbnone\u00bb column_border_radius=\u00bbnone\u00bb width=\u00bb1\/6&#8243; tablet_width_inherit=\u00bbdefault\u00bb tablet_text_alignment=\u00bbdefault\u00bb phone_text_alignment=\u00bbdefault\u00bb column_border_width=\u00bbnone\u00bb column_border_style=\u00bbsolid\u00bb offset=\u00bbvc_hidden-sm vc_hidden-xs\u00bb][\/vc_column][\/vc_row]\n","protected":false},"excerpt":{"rendered":"<p class=\"Estilo59 Estilo60\">Chapa con martillo vibratorio y placa calefactora<\/p>\n<ul>\n<li class=\"Estilo62 Estilo2\">Destornillador vibratorio ideal para inclinar el asiento del tal\u00f3n.<\/li>\n<li class=\"Estilo62 Estilo2\">Equipado con sistema de insonorizaci\u00f3n.<\/li>\n<li class=\"Estilo62 Estilo2\">Velocidad de rotaci\u00f3n ajustable y recorrido.<\/li>\n<li class=\"Estilo62 Estilo2\">Placa calentada para un mejor recubrimiento de la bota.<\/li>\n<li class=\"Estilo62 Estilo2\">Adecuado para botas y zapatos de todos los tama\u00f1os.<\/li>\n<li class=\"Estilo62 Estilo2\">Ciclo de la m\u00e1quina administrado por PLC.<\/li>\n<\/ul>\n<p class=\"Estilo58\" align=\"center\">DATOS TECNICOS<\/p>\n<ul>\n<li class=\"Estilo2 Estilo62 Estilo63\">DIMENSIONES: 65x85x 159<\/li>\n<li class=\"Estilo2 Estilo62 Estilo63\">PESO NETO: Kg 370<\/li>\n<li class=\"Estilo2 Estilo62 Estilo63\">FUERZA EL\u00c9CTRICA: Kw 0,5<\/li>\n<li class=\"Estilo2 Estilo62 Estilo63\">6 BAR CONSUMO DE AIRE: 15 Lt\/Ciclo<\/li>\n<li class=\"Estilo2 Estilo62 Estilo63\">PRODUCCI\u00d3N HORARIA: 1000 \/ 1500<\/li>\n<\/ul>\n","protected":false},"featured_media":6485,"comment_status":"open","ping_status":"closed","template":"","meta":{"_mi_skip_tracking":false},"product_cat":[98,100,118,107],"product_tag":[],"yoast_head":"<!-- This site is optimized with the Yoast SEO plugin v20.2.1 - https:\/\/yoast.com\/wordpress\/plugins\/seo\/ -->\n<title>Mod 885 - Mainca<\/title>\n<meta name=\"robots\" content=\"index, follow, max-snippet:-1, max-image-preview:large, max-video-preview:-1\" \/>\n<link rel=\"canonical\" href=\"http:\/\/www.mainca.es\/index.php\/producto\/885\/\" \/>\n<meta property=\"og:locale\" content=\"es_ES\" \/>\n<meta property=\"og:type\" content=\"article\" \/>\n<meta property=\"og:title\" content=\"Mod 885 - Mainca\" \/>\n<meta property=\"og:description\" content=\"Chapa con martillo vibratorio y placa calefactora    Destornillador vibratorio ideal para inclinar el asiento del tal\u00f3n.  Equipado con sistema de insonorizaci\u00f3n.  Velocidad de rotaci\u00f3n ajustable y recorrido.  Placa calentada para un mejor recubrimiento de la bota.  Adecuado para botas y zapatos de todos los tama\u00f1os.  Ciclo de la m\u00e1quina administrado por PLC.  DATOS TECNICOS    DIMENSIONES: 65x85x 159  PESO NETO: Kg 370  FUERZA EL\u00c9CTRICA: Kw 0,5  6 BAR CONSUMO DE AIRE: 15 Lt\/Ciclo  PRODUCCI\u00d3N HORARIA: 1000 \/ 1500\" \/>\n<meta property=\"og:url\" content=\"http:\/\/www.mainca.es\/index.php\/producto\/885\/\" \/>\n<meta property=\"og:site_name\" content=\"Mainca\" \/>\n<meta property=\"article:modified_time\" content=\"2019-10-29T15:29:38+00:00\" \/>\n<meta property=\"og:image\" content=\"http:\/\/www.mainca.es\/wp-content\/uploads\/2018\/11\/885.png\" \/>\n\t<meta property=\"og:image:width\" content=\"345\" \/>\n\t<meta property=\"og:image:height\" content=\"600\" \/>\n\t<meta property=\"og:image:type\" content=\"image\/png\" \/>\n<meta name=\"twitter:card\" content=\"summary_large_image\" \/>\n<meta name=\"twitter:label1\" content=\"Tiempo de lectura\" \/>\n\t<meta name=\"twitter:data1\" content=\"2 minutos\" \/>\n<script type=\"application\/ld+json\" class=\"yoast-schema-graph\">{\"@context\":\"https:\/\/schema.org\",\"@graph\":[{\"@type\":\"WebPage\",\"@id\":\"http:\/\/www.mainca.es\/index.php\/producto\/885\/\",\"url\":\"http:\/\/www.mainca.es\/index.php\/producto\/885\/\",\"name\":\"Mod 885 - Mainca\",\"isPartOf\":{\"@id\":\"http:\/\/www.mainca.es\/#website\"},\"datePublished\":\"2018-11-21T11:42:50+00:00\",\"dateModified\":\"2019-10-29T15:29:38+00:00\",\"breadcrumb\":{\"@id\":\"http:\/\/www.mainca.es\/index.php\/producto\/885\/#breadcrumb\"},\"inLanguage\":\"es\",\"potentialAction\":[{\"@type\":\"ReadAction\",\"target\":[\"http:\/\/www.mainca.es\/index.php\/producto\/885\/\"]}]},{\"@type\":\"BreadcrumbList\",\"@id\":\"http:\/\/www.mainca.es\/index.php\/producto\/885\/#breadcrumb\",\"itemListElement\":[{\"@type\":\"ListItem\",\"position\":1,\"name\":\"Portada\",\"item\":\"http:\/\/www.mainca.es\/\"},{\"@type\":\"ListItem\",\"position\":2,\"name\":\"Productos\",\"item\":\"http:\/\/www.mainca.es\/index.php\/shop\/\"},{\"@type\":\"ListItem\",\"position\":3,\"name\":\"Mod 885\"}]},{\"@type\":\"WebSite\",\"@id\":\"http:\/\/www.mainca.es\/#website\",\"url\":\"http:\/\/www.mainca.es\/\",\"name\":\"Mainca\",\"description\":\"Mainca. Maquinaria para el calzado\",\"potentialAction\":[{\"@type\":\"SearchAction\",\"target\":{\"@type\":\"EntryPoint\",\"urlTemplate\":\"http:\/\/www.mainca.es\/?s={search_term_string}\"},\"query-input\":\"required name=search_term_string\"}],\"inLanguage\":\"es\"}]}<\/script>\n<!-- \/ Yoast SEO plugin. -->","yoast_head_json":{"title":"Mod 885 - Mainca","robots":{"index":"index","follow":"follow","max-snippet":"max-snippet:-1","max-image-preview":"max-image-preview:large","max-video-preview":"max-video-preview:-1"},"canonical":"http:\/\/www.mainca.es\/index.php\/producto\/885\/","og_locale":"es_ES","og_type":"article","og_title":"Mod 885 - Mainca","og_description":"Chapa con martillo vibratorio y placa calefactora    Destornillador vibratorio ideal para inclinar el asiento del tal\u00f3n.  Equipado con sistema de insonorizaci\u00f3n.  Velocidad de rotaci\u00f3n ajustable y recorrido.  Placa calentada para un mejor recubrimiento de la bota.  Adecuado para botas y zapatos de todos los tama\u00f1os.  Ciclo de la m\u00e1quina administrado por PLC.  DATOS TECNICOS    DIMENSIONES: 65x85x 159  PESO NETO: Kg 370  FUERZA EL\u00c9CTRICA: Kw 0,5  6 BAR CONSUMO DE AIRE: 15 Lt\/Ciclo  PRODUCCI\u00d3N HORARIA: 1000 \/ 1500","og_url":"http:\/\/www.mainca.es\/index.php\/producto\/885\/","og_site_name":"Mainca","article_modified_time":"2019-10-29T15:29:38+00:00","og_image":[{"width":345,"height":600,"url":"http:\/\/www.mainca.es\/wp-content\/uploads\/2018\/11\/885.png","type":"image\/png"}],"twitter_card":"summary_large_image","twitter_misc":{"Tiempo de lectura":"2 minutos"},"schema":{"@context":"https:\/\/schema.org","@graph":[{"@type":"WebPage","@id":"http:\/\/www.mainca.es\/index.php\/producto\/885\/","url":"http:\/\/www.mainca.es\/index.php\/producto\/885\/","name":"Mod 885 - Mainca","isPartOf":{"@id":"http:\/\/www.mainca.es\/#website"},"datePublished":"2018-11-21T11:42:50+00:00","dateModified":"2019-10-29T15:29:38+00:00","breadcrumb":{"@id":"http:\/\/www.mainca.es\/index.php\/producto\/885\/#breadcrumb"},"inLanguage":"es","potentialAction":[{"@type":"ReadAction","target":["http:\/\/www.mainca.es\/index.php\/producto\/885\/"]}]},{"@type":"BreadcrumbList","@id":"http:\/\/www.mainca.es\/index.php\/producto\/885\/#breadcrumb","itemListElement":[{"@type":"ListItem","position":1,"name":"Portada","item":"http:\/\/www.mainca.es\/"},{"@type":"ListItem","position":2,"name":"Productos","item":"http:\/\/www.mainca.es\/index.php\/shop\/"},{"@type":"ListItem","position":3,"name":"Mod 885"}]},{"@type":"WebSite","@id":"http:\/\/www.mainca.es\/#website","url":"http:\/\/www.mainca.es\/","name":"Mainca","description":"Mainca. Maquinaria para el calzado","potentialAction":[{"@type":"SearchAction","target":{"@type":"EntryPoint","urlTemplate":"http:\/\/www.mainca.es\/?s={search_term_string}"},"query-input":"required name=search_term_string"}],"inLanguage":"es"}]}},"_links":{"self":[{"href":"http:\/\/www.mainca.es\/index.php\/wp-json\/wp\/v2\/product\/6484"}],"collection":[{"href":"http:\/\/www.mainca.es\/index.php\/wp-json\/wp\/v2\/product"}],"about":[{"href":"http:\/\/www.mainca.es\/index.php\/wp-json\/wp\/v2\/types\/product"}],"replies":[{"embeddable":true,"href":"http:\/\/www.mainca.es\/index.php\/wp-json\/wp\/v2\/comments?post=6484"}],"wp:featuredmedia":[{"embeddable":true,"href":"http:\/\/www.mainca.es\/index.php\/wp-json\/wp\/v2\/media\/6485"}],"wp:attachment":[{"href":"http:\/\/www.mainca.es\/index.php\/wp-json\/wp\/v2\/media?parent=6484"}],"wp:term":[{"taxonomy":"product_cat","embeddable":true,"href":"http:\/\/www.mainca.es\/index.php\/wp-json\/wp\/v2\/product_cat?post=6484"},{"taxonomy":"product_tag","embeddable":true,"href":"http:\/\/www.mainca.es\/index.php\/wp-json\/wp\/v2\/product_tag?post=6484"}],"curies":[{"name":"wp","href":"https:\/\/api.w.org\/{rel}","templated":true}]}}