{"id":6540,"date":"2018-11-22T07:55:16","date_gmt":"2018-11-22T07:55:16","guid":{"rendered":"http:\/\/www.mainca.es\/?post_type=product&#038;p=6540"},"modified":"2019-10-29T15:24:22","modified_gmt":"2019-10-29T15:24:22","slug":"mod-fsp-750-blueline","status":"publish","type":"product","link":"http:\/\/www.mainca.es\/index.php\/producto\/mod-fsp-750-blueline\/","title":{"rendered":"Mod FSP 750 Blueline"},"content":{"rendered":"[vc_row type=\u00bbfull_width_content\u00bb full_screen_row_position=\u00bbmiddle\u00bb equal_height=\u00bbyes\u00bb content_placement=\u00bbmiddle\u00bb bg_color=\u00bb#e5e5e5&#8243; scene_position=\u00bbcenter\u00bb text_color=\u00bblight\u00bb text_align=\u00bbleft\u00bb top_padding=\u00bb5%\u00bb bottom_padding=\u00bb5%\u00bb id=\u00bbdiscover\u00bb row_name=\u00bbDiscover\u00bb disable_ken_burns=\u00bbyes\u00bb overlay_strength=\u00bb0.3&#8243; shape_divider_position=\u00bbbottom\u00bb shape_type=\u00bb\u00bb][vc_column column_padding=\u00bbno-extra-padding\u00bb column_padding_position=\u00bball\u00bb background_color_opacity=\u00bb1&#8243; background_hover_color_opacity=\u00bb1&#8243; column_link_target=\u00bb_self\u00bb column_shadow=\u00bbnone\u00bb column_border_radius=\u00bbnone\u00bb width=\u00bb1\/6&#8243; tablet_width_inherit=\u00bbdefault\u00bb tablet_text_alignment=\u00bbdefault\u00bb phone_text_alignment=\u00bbdefault\u00bb column_border_width=\u00bbnone\u00bb column_border_style=\u00bbsolid\u00bb offset=\u00bbvc_hidden-sm vc_hidden-xs\u00bb][\/vc_column][vc_column column_padding=\u00bbpadding-3-percent\u00bb column_padding_position=\u00bball\u00bb background_color_opacity=\u00bb1&#8243; background_hover_color_opacity=\u00bb1&#8243; column_link_target=\u00bb_self\u00bb column_shadow=\u00bbnone\u00bb column_border_radius=\u00bbnone\u00bb width=\u00bb1\/3&#8243; tablet_width_inherit=\u00bbdefault\u00bb tablet_text_alignment=\u00bbdefault\u00bb phone_text_alignment=\u00bbdefault\u00bb column_border_width=\u00bbnone\u00bb column_border_style=\u00bbsolid\u00bb][vc_row_inner column_margin=\u00bbdefault\u00bb text_align=\u00bbleft\u00bb][vc_column_inner enable_animation=\u00bbtrue\u00bb animation=\u00bbfade-in-from-bottom\u00bb column_padding=\u00bbno-extra-padding\u00bb column_padding_position=\u00bball\u00bb background_color_opacity=\u00bb1&#8243; background_hover_color_opacity=\u00bb1&#8243; font_color=\u00bb#08a14e\u00bb column_shadow=\u00bbnone\u00bb column_border_radius=\u00bbnone\u00bb column_link_target=\u00bb_self\u00bb width=\u00bb1\/1&#8243; tablet_width_inherit=\u00bbdefault\u00bb column_border_width=\u00bbnone\u00bb column_border_style=\u00bbsolid\u00bb][vc_column_text]\n<h2>\u00bfQuieres m\u00e1s informaci\u00f3n?<\/h2>\n[\/vc_column_text][\/vc_column_inner][\/vc_row_inner][vc_row_inner column_margin=\u00bbdefault\u00bb text_align=\u00bbleft\u00bb][vc_column_inner enable_animation=\u00bbtrue\u00bb animation=\u00bbfade-in-from-bottom\u00bb column_padding=\u00bbno-extra-padding\u00bb column_padding_position=\u00bball\u00bb background_color_opacity=\u00bb1&#8243; background_hover_color_opacity=\u00bb1&#8243; font_color=\u00bb#333333&#8243; column_shadow=\u00bbnone\u00bb column_border_radius=\u00bbnone\u00bb column_link_target=\u00bb_self\u00bb width=\u00bb1\/1&#8243; tablet_width_inherit=\u00bbdefault\u00bb column_border_width=\u00bbnone\u00bb column_border_style=\u00bbsolid\u00bb delay=\u00bb200&#8243;][vc_column_text css=\u00bb.vc_custom_1540378379917{margin-top: 20px !important;}\u00bb]Si deseas m\u00e1s informaci\u00f3n estaremos encantados de poder ayudarte. Pulsa en m\u00e1s informaci\u00f3n y env\u00edanos el formulario con tu consulta.[\/vc_column_text][\/vc_column_inner][\/vc_row_inner]<div class=\"divider-wrap\" data-alignment=\"default\"><div style=\"height: 25px;\" class=\"divider\"><\/div><\/div>[nectar_btn size=\u00bbmedium\u00bb button_style=\u00bbsee-through-3d\u00bb color_override=\u00bb#08a14e\u00bb text=\u00bbm\u00e1s informaci\u00f3n\u00bb url=\u00bbhttp:\/\/www.mainca.es\/index.php\/contacto-informacion-sobre-maquinaria\/\u00bb][\/vc_column][vc_column enable_animation=\u00bbtrue\u00bb animation=\u00bbgrow-in\u00bb column_padding=\u00bbpadding-3-percent\u00bb column_padding_position=\u00bball\u00bb background_color_opacity=\u00bb1&#8243; background_hover_color_opacity=\u00bb1&#8243; column_link_target=\u00bb_self\u00bb column_shadow=\u00bbnone\u00bb column_border_radius=\u00bbnone\u00bb width=\u00bb1\/3&#8243; tablet_width_inherit=\u00bbdefault\u00bb tablet_text_alignment=\u00bbdefault\u00bb phone_text_alignment=\u00bbdefault\u00bb column_border_width=\u00bbnone\u00bb column_border_style=\u00bbsolid\u00bb][nectar_video_lightbox link_style=\u00bbplay_button_2&#8243; nectar_play_button_color=\u00bbExtra-Color-1&#8243; image_url=\u00bb6208&#8243; hover_effect=\u00bbdefaut\u00bb box_shadow=\u00bbnone\u00bb border_radius=\u00bbnone\u00bb play_button_size=\u00bbdefault\u00bb video_url=\u00bbhttp:\/\/www.fortuna-gmbh.de\/filme\/fortuna-spalten.mp4&#8243;][\/vc_column][vc_column column_padding=\u00bbno-extra-padding\u00bb column_padding_position=\u00bball\u00bb background_color_opacity=\u00bb1&#8243; background_hover_color_opacity=\u00bb1&#8243; column_link_target=\u00bb_self\u00bb column_shadow=\u00bbnone\u00bb column_border_radius=\u00bbnone\u00bb width=\u00bb1\/6&#8243; tablet_width_inherit=\u00bbdefault\u00bb tablet_text_alignment=\u00bbdefault\u00bb phone_text_alignment=\u00bbdefault\u00bb column_border_width=\u00bbnone\u00bb column_border_style=\u00bbsolid\u00bb offset=\u00bbvc_hidden-sm vc_hidden-xs\u00bb][\/vc_column][\/vc_row]\n","protected":false},"excerpt":{"rendered":"<h2><strong>Banda m\u00e1quina cuchillo de divisi\u00f3n<\/strong><\/h2>\n<p>&nbsp;<\/p>\n<div>\n<div class=\"contentLeft\">\n<p>M\u00e1quina cortadora de cuchillas de bajo consumo con un ancho de trabajo de 750 mm.<\/p>\n<p>La nueva m\u00e1quina de divisi\u00f3n FORTUNA FSP 750 Blueline impresiona con sus unidades optimizadas y energ\u00e9ticamente eficientes.<br \/>\nPor primera vez, se utiliza una interfaz de usuario intuitiva particularmente f\u00e1cil de usar con pantalla t\u00e1ctil.\u00a0El nuevo sistema de brazo de soporte flexible permite al operador personalizar el panel t\u00e1ctil individualmente para sus propias necesidades.<br \/>\nCon el nuevo sistema de seguridad integrado, el FSP 750 Blueline establece nuevos est\u00e1ndares en tecnolog\u00eda de seguridad al tiempo que simplifica el manejo para el operador.<br \/>\nLa nueva serie de m\u00e1quinas destaca por su dise\u00f1o ergon\u00f3mico y f\u00e1cil de mantener, lo que brinda al operador un acceso r\u00e1pido y f\u00e1cil para los trabajos de mantenimiento.<\/p>\n<div>\n<div class=\"contentLeft\">\n<table class=\" responsiveTable\">\n<tbody>\n<tr align=\"left\" valign=\"bottom\">\n<td><strong>Datos tecnicos<\/strong><\/td>\n<td><\/td>\n<\/tr>\n<tr align=\"left\" valign=\"bottom\">\n<td>Ancho de trabajo (mm)<\/td>\n<td>750<\/td>\n<\/tr>\n<tr align=\"left\" valign=\"bottom\">\n<td>minuto\u00a0Rollo de espesor (mm)<\/td>\n<td>0.9<\/td>\n<\/tr>\n<tr align=\"left\" valign=\"bottom\">\n<td>minuto\u00a0Regla de grosor (mm)<\/td>\n<td>0.4<\/td>\n<\/tr>\n<tr align=\"left\" valign=\"bottom\">\n<td>m\u00e1x.\u00a0Pasaje (mm)<\/td>\n<td>8.0<\/td>\n<\/tr>\n<tr align=\"left\" valign=\"bottom\">\n<td>Emisi\u00f3n de ruido dB (A)<\/td>\n<td>78<\/td>\n<\/tr>\n<tr align=\"left\" valign=\"bottom\">\n<td>Dimensi\u00f3n (cm)<br \/>\nLargo, ancho, alto<\/td>\n<td>212, 124, 165<\/td>\n<\/tr>\n<tr align=\"left\" valign=\"bottom\">\n<td>Alimentaci\u00f3n continua,<br \/>\najustable electr\u00f3nicamente (m \/ min)<\/td>\n<td>2-24<\/td>\n<\/tr>\n<tr align=\"left\" valign=\"bottom\">\n<td>Conexi\u00f3n el\u00e9ctrica (kVA)<\/td>\n<td>7<\/td>\n<\/tr>\n<tr align=\"left\" valign=\"bottom\">\n<td>Peso neto (kg)<\/td>\n<td>1070<\/td>\n<\/tr>\n<tr align=\"left\" valign=\"bottom\">\n<td>Dimensiones del embalaje (cm)<br \/>\nLongitud de la m\u00e1quina, anchura, altura<br \/>\nLongitud de extracci\u00f3n, anchura, altura<\/td>\n<td>200, 120, 160<br \/>\n180, 85, 85<\/td>\n<\/tr>\n<\/tbody>\n<\/table>\n<\/div>\n<\/div>\n<p>&nbsp;<\/p>\n<p>Descripci\u00f3n de la m\u00e1quina<\/p>\n<div>\n<div class=\"contentLeft\">\n<p>\u2022 Unidad de lijado manual con muelas abrasivas CBN<br \/>\n\u2022 Transportable con transpaleta<br \/>\n\u2022 Accionamiento de avance ajustable individualmente<br \/>\n\u2022 Modo de espera individual<br \/>\n\u2022 Monitoreo\u00a0de la caja de virutas\u00a0\u2022\u00a0Dispositivo de<br \/>\nmolienda intercambiable por separado con<br \/>\nextracci\u00f3n de\u00a0polvo de lijado<br \/>\n\u2022\u00a0Visualizaci\u00f3n del ancho de la hoja de la correa\u00a0\u2022 Se pueden cambiar las mediciones<br \/>\n\u2022\u00a0Correcci\u00f3n del\u00a0valor medido<br \/>\n\u2022 Sonda digital<br \/>\n\u2022 Pantalla de funcionamiento y falla<br \/>\n\u2022 Ethernet e interfaz USB<br \/>\n\u2022 Cuchilla de cinta autoajustable<br \/>\n\u2022\u00a0Luz de\u00a0trabajo \u2022<br \/>\nPortador del\u00a0rodillo<br \/>\n\u2022 Mantenimiento mantenido por el operador\u00a0\u2022<br \/>\nPanel t\u00e1ctil giratorio y ajustable en altura<br \/>\n\u2022\u00a0Rodillo de\u00a0alimentaci\u00f3n de\u00a0acero con cable<\/p>\n<\/div>\n<div class=\"contentRight\">\n<h2>opcional<\/h2>\n<p>\u2022 amoladora automatizada con CBN muelas<br \/>\n\u2022 sistema de medici\u00f3n para afilado de la hoja de banda (controles amoladora) y corte de simetr\u00eda<br \/>\n\u2022 Individualmente cuchillo banda ajustable conducir<br \/>\n\u2022 extracci\u00f3n de chip individual<br \/>\n\u2022 diagn\u00f3stico a distancia a trav\u00e9s del router inal\u00e1mbrico<br \/>\n\u2022 adquisici\u00f3n de datos<br \/>\n\u2022 detecci\u00f3n electr\u00f3nica de consumo de energ\u00eda<br \/>\nagente \u2022 medios de liberaci\u00f3n<br \/>\nmesa \u2022 rodillo<br \/>\n\u2022 goma rodillo de alimentaci\u00f3n<br \/>\n\u2022 Aumento de paso 20 mm<br \/>\n\u2022 Extensi\u00f3n de la mesa<br \/>\n\u2022 Soporte giratorio para rodillo \/ regla<br \/>\n\u2022 Pedal multifuncional<\/p>\n<\/div>\n<\/div>\n<\/div>\n<\/div>\n","protected":false},"featured_media":6541,"comment_status":"open","ping_status":"closed","template":"","meta":{"_mi_skip_tracking":false},"product_cat":[121,118,122],"product_tag":[],"yoast_head":"<!-- This site is optimized with the Yoast SEO plugin v20.2.1 - https:\/\/yoast.com\/wordpress\/plugins\/seo\/ -->\n<title>Mod FSP 750 Blueline - Mainca<\/title>\n<meta name=\"robots\" content=\"index, follow, max-snippet:-1, max-image-preview:large, max-video-preview:-1\" \/>\n<link rel=\"canonical\" href=\"http:\/\/www.mainca.es\/index.php\/producto\/mod-fsp-750-blueline\/\" \/>\n<meta property=\"og:locale\" content=\"es_ES\" \/>\n<meta property=\"og:type\" content=\"article\" \/>\n<meta property=\"og:title\" content=\"Mod FSP 750 Blueline - Mainca\" \/>\n<meta property=\"og:description\" content=\"Banda m\u00e1quina cuchillo de divisi\u00f3n &nbsp;    M\u00e1quina cortadora de cuchillas de bajo consumo con un ancho de trabajo de 750 mm.  La nueva m\u00e1quina de divisi\u00f3n FORTUNA FSP 750 Blueline impresiona con sus unidades optimizadas y energ\u00e9ticamente eficientes. Por primera vez, se utiliza una interfaz de usuario intuitiva particularmente f\u00e1cil de usar con pantalla t\u00e1ctil.\u00a0El nuevo sistema de brazo de soporte flexible permite al operador personalizar el panel t\u00e1ctil individualmente para sus propias necesidades. Con el nuevo sistema de seguridad integrado, el FSP 750 Blueline establece nuevos est\u00e1ndares en tecnolog\u00eda de seguridad al tiempo que simplifica el manejo para el operador. La nueva serie de m\u00e1quinas destaca por su dise\u00f1o ergon\u00f3mico y f\u00e1cil de mantener, lo que brinda al operador un acceso r\u00e1pido y f\u00e1cil para los trabajos de mantenimiento.      Datos tecnicos    Ancho de trabajo (mm) 750   minuto\u00a0Rollo de espesor (mm) 0.9   minuto\u00a0Regla de grosor (mm) 0.4   m\u00e1x.\u00a0Pasaje (mm) 8.0   Emisi\u00f3n de ruido dB (A) 78   Dimensi\u00f3n (cm) Largo, ancho, alto 212, 124, 165   Alimentaci\u00f3n continua, ajustable electr\u00f3nicamente (m \/ min) 2-24   Conexi\u00f3n el\u00e9ctrica (kVA) 7   Peso neto (kg) 1070   Dimensiones del embalaje (cm) Longitud de la m\u00e1quina, anchura, altura Longitud de extracci\u00f3n, anchura, altura 200, 120, 160 180, 85, 85      &nbsp;  Descripci\u00f3n de la m\u00e1quina    \u2022 Unidad de lijado manual con muelas abrasivas CBN \u2022 Transportable con transpaleta \u2022 Accionamiento de avance ajustable individualmente \u2022 Modo de espera individual \u2022 Monitoreo\u00a0de la caja de virutas\u00a0\u2022\u00a0Dispositivo de molienda intercambiable por separado con extracci\u00f3n de\u00a0polvo de lijado \u2022\u00a0Visualizaci\u00f3n del ancho de la hoja de la correa\u00a0\u2022 Se pueden cambiar las mediciones \u2022\u00a0Correcci\u00f3n del\u00a0valor medido \u2022 Sonda digital \u2022 Pantalla de funcionamiento y falla \u2022 Ethernet e interfaz USB \u2022 Cuchilla de cinta autoajustable \u2022\u00a0Luz de\u00a0trabajo \u2022 Portador del\u00a0rodillo \u2022 Mantenimiento mantenido por el operador\u00a0\u2022 Panel t\u00e1ctil giratorio y ajustable en altura \u2022\u00a0Rodillo de\u00a0alimentaci\u00f3n de\u00a0acero con cable    opcional \u2022 amoladora automatizada con CBN muelas \u2022 sistema de medici\u00f3n para afilado de la hoja de banda (controles amoladora) y corte de simetr\u00eda \u2022 Individualmente cuchillo banda ajustable conducir \u2022 extracci\u00f3n de chip individual \u2022 diagn\u00f3stico a distancia a trav\u00e9s del router inal\u00e1mbrico \u2022 adquisici\u00f3n de datos \u2022 detecci\u00f3n electr\u00f3nica de consumo de energ\u00eda agente \u2022 medios de liberaci\u00f3n mesa \u2022 rodillo \u2022 goma rodillo de alimentaci\u00f3n \u2022 Aumento de paso 20 mm \u2022 Extensi\u00f3n de la mesa \u2022 Soporte giratorio para rodillo \/ regla \u2022 Pedal multifuncional\" \/>\n<meta property=\"og:url\" content=\"http:\/\/www.mainca.es\/index.php\/producto\/mod-fsp-750-blueline\/\" \/>\n<meta property=\"og:site_name\" content=\"Mainca\" \/>\n<meta property=\"article:modified_time\" content=\"2019-10-29T15:24:22+00:00\" \/>\n<meta property=\"og:image\" content=\"http:\/\/www.mainca.es\/wp-content\/uploads\/2018\/11\/750.png\" \/>\n\t<meta property=\"og:image:width\" content=\"1000\" \/>\n\t<meta property=\"og:image:height\" content=\"1020\" \/>\n\t<meta property=\"og:image:type\" content=\"image\/png\" \/>\n<meta name=\"twitter:card\" content=\"summary_large_image\" \/>\n<meta name=\"twitter:label1\" content=\"Tiempo de lectura\" \/>\n\t<meta name=\"twitter:data1\" content=\"3 minutos\" \/>\n<script type=\"application\/ld+json\" class=\"yoast-schema-graph\">{\"@context\":\"https:\/\/schema.org\",\"@graph\":[{\"@type\":\"WebPage\",\"@id\":\"http:\/\/www.mainca.es\/index.php\/producto\/mod-fsp-750-blueline\/\",\"url\":\"http:\/\/www.mainca.es\/index.php\/producto\/mod-fsp-750-blueline\/\",\"name\":\"Mod FSP 750 Blueline - Mainca\",\"isPartOf\":{\"@id\":\"http:\/\/www.mainca.es\/#website\"},\"datePublished\":\"2018-11-22T07:55:16+00:00\",\"dateModified\":\"2019-10-29T15:24:22+00:00\",\"breadcrumb\":{\"@id\":\"http:\/\/www.mainca.es\/index.php\/producto\/mod-fsp-750-blueline\/#breadcrumb\"},\"inLanguage\":\"es\",\"potentialAction\":[{\"@type\":\"ReadAction\",\"target\":[\"http:\/\/www.mainca.es\/index.php\/producto\/mod-fsp-750-blueline\/\"]}]},{\"@type\":\"BreadcrumbList\",\"@id\":\"http:\/\/www.mainca.es\/index.php\/producto\/mod-fsp-750-blueline\/#breadcrumb\",\"itemListElement\":[{\"@type\":\"ListItem\",\"position\":1,\"name\":\"Portada\",\"item\":\"http:\/\/www.mainca.es\/\"},{\"@type\":\"ListItem\",\"position\":2,\"name\":\"Productos\",\"item\":\"http:\/\/www.mainca.es\/index.php\/shop\/\"},{\"@type\":\"ListItem\",\"position\":3,\"name\":\"Mod FSP 750 Blueline\"}]},{\"@type\":\"WebSite\",\"@id\":\"http:\/\/www.mainca.es\/#website\",\"url\":\"http:\/\/www.mainca.es\/\",\"name\":\"Mainca\",\"description\":\"Mainca. Maquinaria para el calzado\",\"potentialAction\":[{\"@type\":\"SearchAction\",\"target\":{\"@type\":\"EntryPoint\",\"urlTemplate\":\"http:\/\/www.mainca.es\/?s={search_term_string}\"},\"query-input\":\"required name=search_term_string\"}],\"inLanguage\":\"es\"}]}<\/script>\n<!-- \/ Yoast SEO plugin. -->","yoast_head_json":{"title":"Mod FSP 750 Blueline - Mainca","robots":{"index":"index","follow":"follow","max-snippet":"max-snippet:-1","max-image-preview":"max-image-preview:large","max-video-preview":"max-video-preview:-1"},"canonical":"http:\/\/www.mainca.es\/index.php\/producto\/mod-fsp-750-blueline\/","og_locale":"es_ES","og_type":"article","og_title":"Mod FSP 750 Blueline - Mainca","og_description":"Banda m\u00e1quina cuchillo de divisi\u00f3n &nbsp;    M\u00e1quina cortadora de cuchillas de bajo consumo con un ancho de trabajo de 750 mm.  La nueva m\u00e1quina de divisi\u00f3n FORTUNA FSP 750 Blueline impresiona con sus unidades optimizadas y energ\u00e9ticamente eficientes. Por primera vez, se utiliza una interfaz de usuario intuitiva particularmente f\u00e1cil de usar con pantalla t\u00e1ctil.\u00a0El nuevo sistema de brazo de soporte flexible permite al operador personalizar el panel t\u00e1ctil individualmente para sus propias necesidades. Con el nuevo sistema de seguridad integrado, el FSP 750 Blueline establece nuevos est\u00e1ndares en tecnolog\u00eda de seguridad al tiempo que simplifica el manejo para el operador. La nueva serie de m\u00e1quinas destaca por su dise\u00f1o ergon\u00f3mico y f\u00e1cil de mantener, lo que brinda al operador un acceso r\u00e1pido y f\u00e1cil para los trabajos de mantenimiento.      Datos tecnicos    Ancho de trabajo (mm) 750   minuto\u00a0Rollo de espesor (mm) 0.9   minuto\u00a0Regla de grosor (mm) 0.4   m\u00e1x.\u00a0Pasaje (mm) 8.0   Emisi\u00f3n de ruido dB (A) 78   Dimensi\u00f3n (cm) Largo, ancho, alto 212, 124, 165   Alimentaci\u00f3n continua, ajustable electr\u00f3nicamente (m \/ min) 2-24   Conexi\u00f3n el\u00e9ctrica (kVA) 7   Peso neto (kg) 1070   Dimensiones del embalaje (cm) Longitud de la m\u00e1quina, anchura, altura Longitud de extracci\u00f3n, anchura, altura 200, 120, 160 180, 85, 85      &nbsp;  Descripci\u00f3n de la m\u00e1quina    \u2022 Unidad de lijado manual con muelas abrasivas CBN \u2022 Transportable con transpaleta \u2022 Accionamiento de avance ajustable individualmente \u2022 Modo de espera individual \u2022 Monitoreo\u00a0de la caja de virutas\u00a0\u2022\u00a0Dispositivo de molienda intercambiable por separado con extracci\u00f3n de\u00a0polvo de lijado \u2022\u00a0Visualizaci\u00f3n del ancho de la hoja de la correa\u00a0\u2022 Se pueden cambiar las mediciones \u2022\u00a0Correcci\u00f3n del\u00a0valor medido \u2022 Sonda digital \u2022 Pantalla de funcionamiento y falla \u2022 Ethernet e interfaz USB \u2022 Cuchilla de cinta autoajustable \u2022\u00a0Luz de\u00a0trabajo \u2022 Portador del\u00a0rodillo \u2022 Mantenimiento mantenido por el operador\u00a0\u2022 Panel t\u00e1ctil giratorio y ajustable en altura \u2022\u00a0Rodillo de\u00a0alimentaci\u00f3n de\u00a0acero con cable    opcional \u2022 amoladora automatizada con CBN muelas \u2022 sistema de medici\u00f3n para afilado de la hoja de banda (controles amoladora) y corte de simetr\u00eda \u2022 Individualmente cuchillo banda ajustable conducir \u2022 extracci\u00f3n de chip individual \u2022 diagn\u00f3stico a distancia a trav\u00e9s del router inal\u00e1mbrico \u2022 adquisici\u00f3n de datos \u2022 detecci\u00f3n electr\u00f3nica de consumo de energ\u00eda agente \u2022 medios de liberaci\u00f3n mesa \u2022 rodillo \u2022 goma rodillo de alimentaci\u00f3n \u2022 Aumento de paso 20 mm \u2022 Extensi\u00f3n de la mesa \u2022 Soporte giratorio para rodillo \/ regla \u2022 Pedal multifuncional","og_url":"http:\/\/www.mainca.es\/index.php\/producto\/mod-fsp-750-blueline\/","og_site_name":"Mainca","article_modified_time":"2019-10-29T15:24:22+00:00","og_image":[{"width":1000,"height":1020,"url":"http:\/\/www.mainca.es\/wp-content\/uploads\/2018\/11\/750.png","type":"image\/png"}],"twitter_card":"summary_large_image","twitter_misc":{"Tiempo de lectura":"3 minutos"},"schema":{"@context":"https:\/\/schema.org","@graph":[{"@type":"WebPage","@id":"http:\/\/www.mainca.es\/index.php\/producto\/mod-fsp-750-blueline\/","url":"http:\/\/www.mainca.es\/index.php\/producto\/mod-fsp-750-blueline\/","name":"Mod FSP 750 Blueline - Mainca","isPartOf":{"@id":"http:\/\/www.mainca.es\/#website"},"datePublished":"2018-11-22T07:55:16+00:00","dateModified":"2019-10-29T15:24:22+00:00","breadcrumb":{"@id":"http:\/\/www.mainca.es\/index.php\/producto\/mod-fsp-750-blueline\/#breadcrumb"},"inLanguage":"es","potentialAction":[{"@type":"ReadAction","target":["http:\/\/www.mainca.es\/index.php\/producto\/mod-fsp-750-blueline\/"]}]},{"@type":"BreadcrumbList","@id":"http:\/\/www.mainca.es\/index.php\/producto\/mod-fsp-750-blueline\/#breadcrumb","itemListElement":[{"@type":"ListItem","position":1,"name":"Portada","item":"http:\/\/www.mainca.es\/"},{"@type":"ListItem","position":2,"name":"Productos","item":"http:\/\/www.mainca.es\/index.php\/shop\/"},{"@type":"ListItem","position":3,"name":"Mod FSP 750 Blueline"}]},{"@type":"WebSite","@id":"http:\/\/www.mainca.es\/#website","url":"http:\/\/www.mainca.es\/","name":"Mainca","description":"Mainca. Maquinaria para el calzado","potentialAction":[{"@type":"SearchAction","target":{"@type":"EntryPoint","urlTemplate":"http:\/\/www.mainca.es\/?s={search_term_string}"},"query-input":"required name=search_term_string"}],"inLanguage":"es"}]}},"_links":{"self":[{"href":"http:\/\/www.mainca.es\/index.php\/wp-json\/wp\/v2\/product\/6540"}],"collection":[{"href":"http:\/\/www.mainca.es\/index.php\/wp-json\/wp\/v2\/product"}],"about":[{"href":"http:\/\/www.mainca.es\/index.php\/wp-json\/wp\/v2\/types\/product"}],"replies":[{"embeddable":true,"href":"http:\/\/www.mainca.es\/index.php\/wp-json\/wp\/v2\/comments?post=6540"}],"wp:featuredmedia":[{"embeddable":true,"href":"http:\/\/www.mainca.es\/index.php\/wp-json\/wp\/v2\/media\/6541"}],"wp:attachment":[{"href":"http:\/\/www.mainca.es\/index.php\/wp-json\/wp\/v2\/media?parent=6540"}],"wp:term":[{"taxonomy":"product_cat","embeddable":true,"href":"http:\/\/www.mainca.es\/index.php\/wp-json\/wp\/v2\/product_cat?post=6540"},{"taxonomy":"product_tag","embeddable":true,"href":"http:\/\/www.mainca.es\/index.php\/wp-json\/wp\/v2\/product_tag?post=6540"}],"curies":[{"name":"wp","href":"https:\/\/api.w.org\/{rel}","templated":true}]}}