{"id":6597,"date":"2018-11-26T18:22:55","date_gmt":"2018-11-26T18:22:55","guid":{"rendered":"http:\/\/www.mainca.es\/?post_type=product&#038;p=6597"},"modified":"2019-10-29T15:17:20","modified_gmt":"2019-10-29T15:17:20","slug":"mod-v92","status":"publish","type":"product","link":"http:\/\/www.mainca.es\/index.php\/producto\/mod-v92\/","title":{"rendered":"Mod V92"},"content":{"rendered":"[vc_row type=\u00bbfull_width_content\u00bb full_screen_row_position=\u00bbmiddle\u00bb equal_height=\u00bbyes\u00bb content_placement=\u00bbmiddle\u00bb bg_color=\u00bb#e5e5e5&#8243; scene_position=\u00bbcenter\u00bb text_color=\u00bblight\u00bb text_align=\u00bbleft\u00bb top_padding=\u00bb5%\u00bb bottom_padding=\u00bb5%\u00bb id=\u00bbdiscover\u00bb row_name=\u00bbDiscover\u00bb disable_ken_burns=\u00bbyes\u00bb overlay_strength=\u00bb0.3&#8243; shape_divider_position=\u00bbbottom\u00bb shape_type=\u00bb\u00bb][vc_column column_padding=\u00bbno-extra-padding\u00bb column_padding_position=\u00bball\u00bb background_color_opacity=\u00bb1&#8243; background_hover_color_opacity=\u00bb1&#8243; column_link_target=\u00bb_self\u00bb column_shadow=\u00bbnone\u00bb column_border_radius=\u00bbnone\u00bb width=\u00bb1\/6&#8243; tablet_width_inherit=\u00bbdefault\u00bb tablet_text_alignment=\u00bbdefault\u00bb phone_text_alignment=\u00bbdefault\u00bb column_border_width=\u00bbnone\u00bb column_border_style=\u00bbsolid\u00bb offset=\u00bbvc_hidden-sm vc_hidden-xs\u00bb][\/vc_column][vc_column column_padding=\u00bbpadding-3-percent\u00bb column_padding_position=\u00bball\u00bb background_color_opacity=\u00bb1&#8243; background_hover_color_opacity=\u00bb1&#8243; column_link_target=\u00bb_self\u00bb column_shadow=\u00bbnone\u00bb column_border_radius=\u00bbnone\u00bb width=\u00bb1\/3&#8243; tablet_width_inherit=\u00bbdefault\u00bb tablet_text_alignment=\u00bbdefault\u00bb phone_text_alignment=\u00bbdefault\u00bb column_border_width=\u00bbnone\u00bb column_border_style=\u00bbsolid\u00bb][vc_row_inner column_margin=\u00bbdefault\u00bb text_align=\u00bbleft\u00bb][vc_column_inner enable_animation=\u00bbtrue\u00bb animation=\u00bbfade-in-from-bottom\u00bb column_padding=\u00bbno-extra-padding\u00bb column_padding_position=\u00bball\u00bb background_color_opacity=\u00bb1&#8243; background_hover_color_opacity=\u00bb1&#8243; font_color=\u00bb#08a14e\u00bb column_shadow=\u00bbnone\u00bb column_border_radius=\u00bbnone\u00bb column_link_target=\u00bb_self\u00bb width=\u00bb1\/1&#8243; tablet_width_inherit=\u00bbdefault\u00bb column_border_width=\u00bbnone\u00bb column_border_style=\u00bbsolid\u00bb][vc_column_text]\n<h2>\u00bfQuieres m\u00e1s informaci\u00f3n?<\/h2>\n[\/vc_column_text][\/vc_column_inner][\/vc_row_inner][vc_row_inner column_margin=\u00bbdefault\u00bb text_align=\u00bbleft\u00bb][vc_column_inner enable_animation=\u00bbtrue\u00bb animation=\u00bbfade-in-from-bottom\u00bb column_padding=\u00bbno-extra-padding\u00bb column_padding_position=\u00bball\u00bb background_color_opacity=\u00bb1&#8243; background_hover_color_opacity=\u00bb1&#8243; font_color=\u00bb#333333&#8243; column_shadow=\u00bbnone\u00bb column_border_radius=\u00bbnone\u00bb column_link_target=\u00bb_self\u00bb width=\u00bb1\/1&#8243; tablet_width_inherit=\u00bbdefault\u00bb column_border_width=\u00bbnone\u00bb column_border_style=\u00bbsolid\u00bb delay=\u00bb200&#8243;][vc_column_text css=\u00bb.vc_custom_1540378379917{margin-top: 20px !important;}\u00bb]Si deseas m\u00e1s informaci\u00f3n estaremos encantados de poder ayudarte. Pulsa en m\u00e1s informaci\u00f3n y env\u00edanos el formulario con tu consulta.[\/vc_column_text][\/vc_column_inner][\/vc_row_inner]<div class=\"divider-wrap\" data-alignment=\"default\"><div style=\"height: 25px;\" class=\"divider\"><\/div><\/div>[nectar_btn size=\u00bbmedium\u00bb button_style=\u00bbsee-through-3d\u00bb color_override=\u00bb#08a14e\u00bb text=\u00bbm\u00e1s informaci\u00f3n\u00bb][\/vc_column][vc_column column_padding=\u00bbno-extra-padding\u00bb column_padding_position=\u00bball\u00bb background_color_opacity=\u00bb1&#8243; background_hover_color_opacity=\u00bb1&#8243; column_link_target=\u00bb_self\u00bb column_shadow=\u00bbnone\u00bb column_border_radius=\u00bbnone\u00bb width=\u00bb1\/6&#8243; tablet_width_inherit=\u00bbdefault\u00bb tablet_text_alignment=\u00bbdefault\u00bb phone_text_alignment=\u00bbdefault\u00bb column_border_width=\u00bbnone\u00bb column_border_style=\u00bbsolid\u00bb offset=\u00bbvc_hidden-sm vc_hidden-xs\u00bb][\/vc_column][\/vc_row]\n","protected":false},"excerpt":{"rendered":"<p><span style=\"font-family: Verdana, Arial, Helvetica, sans-serif;\">El excepcional dise\u00f1o de VIFAMA, es consecuencia de varios a\u00f1os de experiencia y un buen trabajo de nuestros ingenieros. V-92 combina la simplificaci\u00f3n y la flexibilidad en un s\u00f3lo producto.<\/span><\/p>\n<p><span style=\"font-family: Verdana, Arial, Helvetica, sans-serif;\">Simplificaci\u00f3n de los mecanismos, lo que evita aver\u00edas y facilita el manejo de los operarios.<\/span><\/p>\n<p><span style=\"font-family: Verdana, Arial, Helvetica, sans-serif;\">Flexibilidad, para adaptar nuestras m\u00e1quinas a las necesidades de la moda internacional, siempre cambiantes.<\/span><\/p>\n<p><span style=\"font-family: Verdana, Arial, Helvetica, sans-serif;\">V-92 puede ser fabricada, con un puesto, dos puestos, o cuatro puestos. As\u00ed mismo, con moldes de calor, moldes de fr\u00edo y moldes de fr\u00edo\/calor combin\u00e1ndolas, como usted las necesite.<\/span><\/p>\n<p><span style=\"font-family: Verdana, Arial, Helvetica, sans-serif;\">La maquina de cuatro puestos, est\u00e1 pensada para un s\u00f3lo operario, que obtiene una gran producci\u00f3n en poco espacio y con m\u00ednimos desplazamientos, lo que evita costes de organizaci\u00f3n y costes de la producci\u00f3n.<\/span><\/p>\n<p><span style=\"font-family: Verdana, Arial, Helvetica, sans-serif;\">R\u00e1pido y f\u00e1cil cambio de moldes y almohadillas de la maquina, para fabricar cada sistema. El operario puede adaptar los componentes de la m\u00e1quina a los requisitos de la producci\u00f3n en unos pocos minutos.\u00a0<\/span><\/p>\n<p><span style=\"font-family: Verdana, Arial, Helvetica, sans-serif;\">Adaptabilidad total de las almohadillas a los diferentes moldes<\/span><\/p>\n","protected":false},"featured_media":6598,"comment_status":"open","ping_status":"closed","template":"","meta":{"_mi_skip_tracking":false},"product_cat":[118,116],"product_tag":[],"yoast_head":"<!-- This site is optimized with the Yoast SEO plugin v20.2.1 - https:\/\/yoast.com\/wordpress\/plugins\/seo\/ -->\n<title>Mod V92 - Mainca<\/title>\n<meta name=\"robots\" content=\"index, follow, max-snippet:-1, max-image-preview:large, max-video-preview:-1\" \/>\n<link rel=\"canonical\" href=\"http:\/\/www.mainca.es\/index.php\/producto\/mod-v92\/\" \/>\n<meta property=\"og:locale\" content=\"es_ES\" \/>\n<meta property=\"og:type\" content=\"article\" \/>\n<meta property=\"og:title\" content=\"Mod V92 - Mainca\" \/>\n<meta property=\"og:description\" content=\"El excepcional dise\u00f1o de VIFAMA, es consecuencia de varios a\u00f1os de experiencia y un buen trabajo de nuestros ingenieros. V-92 combina la simplificaci\u00f3n y la flexibilidad en un s\u00f3lo producto.  Simplificaci\u00f3n de los mecanismos, lo que evita aver\u00edas y facilita el manejo de los operarios.  Flexibilidad, para adaptar nuestras m\u00e1quinas a las necesidades de la moda internacional, siempre cambiantes.  V-92 puede ser fabricada, con un puesto, dos puestos, o cuatro puestos. As\u00ed mismo, con moldes de calor, moldes de fr\u00edo y moldes de fr\u00edo\/calor combin\u00e1ndolas, como usted las necesite.  La maquina de cuatro puestos, est\u00e1 pensada para un s\u00f3lo operario, que obtiene una gran producci\u00f3n en poco espacio y con m\u00ednimos desplazamientos, lo que evita costes de organizaci\u00f3n y costes de la producci\u00f3n.  R\u00e1pido y f\u00e1cil cambio de moldes y almohadillas de la maquina, para fabricar cada sistema. El operario puede adaptar los componentes de la m\u00e1quina a los requisitos de la producci\u00f3n en unos pocos minutos.\u00a0  Adaptabilidad total de las almohadillas a los diferentes moldes\" \/>\n<meta property=\"og:url\" content=\"http:\/\/www.mainca.es\/index.php\/producto\/mod-v92\/\" \/>\n<meta property=\"og:site_name\" content=\"Mainca\" \/>\n<meta property=\"article:modified_time\" content=\"2019-10-29T15:17:20+00:00\" \/>\n<meta property=\"og:image\" content=\"http:\/\/www.mainca.es\/wp-content\/uploads\/2018\/11\/v92041.jpg\" \/>\n\t<meta property=\"og:image:width\" content=\"305\" \/>\n\t<meta property=\"og:image:height\" content=\"586\" \/>\n\t<meta property=\"og:image:type\" content=\"image\/jpeg\" \/>\n<meta name=\"twitter:card\" content=\"summary_large_image\" \/>\n<meta name=\"twitter:label1\" content=\"Tiempo de lectura\" \/>\n\t<meta name=\"twitter:data1\" content=\"2 minutos\" \/>\n<script type=\"application\/ld+json\" class=\"yoast-schema-graph\">{\"@context\":\"https:\/\/schema.org\",\"@graph\":[{\"@type\":\"WebPage\",\"@id\":\"http:\/\/www.mainca.es\/index.php\/producto\/mod-v92\/\",\"url\":\"http:\/\/www.mainca.es\/index.php\/producto\/mod-v92\/\",\"name\":\"Mod V92 - Mainca\",\"isPartOf\":{\"@id\":\"http:\/\/www.mainca.es\/#website\"},\"datePublished\":\"2018-11-26T18:22:55+00:00\",\"dateModified\":\"2019-10-29T15:17:20+00:00\",\"breadcrumb\":{\"@id\":\"http:\/\/www.mainca.es\/index.php\/producto\/mod-v92\/#breadcrumb\"},\"inLanguage\":\"es\",\"potentialAction\":[{\"@type\":\"ReadAction\",\"target\":[\"http:\/\/www.mainca.es\/index.php\/producto\/mod-v92\/\"]}]},{\"@type\":\"BreadcrumbList\",\"@id\":\"http:\/\/www.mainca.es\/index.php\/producto\/mod-v92\/#breadcrumb\",\"itemListElement\":[{\"@type\":\"ListItem\",\"position\":1,\"name\":\"Portada\",\"item\":\"http:\/\/www.mainca.es\/\"},{\"@type\":\"ListItem\",\"position\":2,\"name\":\"Productos\",\"item\":\"http:\/\/www.mainca.es\/index.php\/shop\/\"},{\"@type\":\"ListItem\",\"position\":3,\"name\":\"Mod V92\"}]},{\"@type\":\"WebSite\",\"@id\":\"http:\/\/www.mainca.es\/#website\",\"url\":\"http:\/\/www.mainca.es\/\",\"name\":\"Mainca\",\"description\":\"Mainca. Maquinaria para el calzado\",\"potentialAction\":[{\"@type\":\"SearchAction\",\"target\":{\"@type\":\"EntryPoint\",\"urlTemplate\":\"http:\/\/www.mainca.es\/?s={search_term_string}\"},\"query-input\":\"required name=search_term_string\"}],\"inLanguage\":\"es\"}]}<\/script>\n<!-- \/ Yoast SEO plugin. -->","yoast_head_json":{"title":"Mod V92 - Mainca","robots":{"index":"index","follow":"follow","max-snippet":"max-snippet:-1","max-image-preview":"max-image-preview:large","max-video-preview":"max-video-preview:-1"},"canonical":"http:\/\/www.mainca.es\/index.php\/producto\/mod-v92\/","og_locale":"es_ES","og_type":"article","og_title":"Mod V92 - Mainca","og_description":"El excepcional dise\u00f1o de VIFAMA, es consecuencia de varios a\u00f1os de experiencia y un buen trabajo de nuestros ingenieros. V-92 combina la simplificaci\u00f3n y la flexibilidad en un s\u00f3lo producto.  Simplificaci\u00f3n de los mecanismos, lo que evita aver\u00edas y facilita el manejo de los operarios.  Flexibilidad, para adaptar nuestras m\u00e1quinas a las necesidades de la moda internacional, siempre cambiantes.  V-92 puede ser fabricada, con un puesto, dos puestos, o cuatro puestos. As\u00ed mismo, con moldes de calor, moldes de fr\u00edo y moldes de fr\u00edo\/calor combin\u00e1ndolas, como usted las necesite.  La maquina de cuatro puestos, est\u00e1 pensada para un s\u00f3lo operario, que obtiene una gran producci\u00f3n en poco espacio y con m\u00ednimos desplazamientos, lo que evita costes de organizaci\u00f3n y costes de la producci\u00f3n.  R\u00e1pido y f\u00e1cil cambio de moldes y almohadillas de la maquina, para fabricar cada sistema. El operario puede adaptar los componentes de la m\u00e1quina a los requisitos de la producci\u00f3n en unos pocos minutos.\u00a0  Adaptabilidad total de las almohadillas a los diferentes moldes","og_url":"http:\/\/www.mainca.es\/index.php\/producto\/mod-v92\/","og_site_name":"Mainca","article_modified_time":"2019-10-29T15:17:20+00:00","og_image":[{"width":305,"height":586,"url":"http:\/\/www.mainca.es\/wp-content\/uploads\/2018\/11\/v92041.jpg","type":"image\/jpeg"}],"twitter_card":"summary_large_image","twitter_misc":{"Tiempo de lectura":"2 minutos"},"schema":{"@context":"https:\/\/schema.org","@graph":[{"@type":"WebPage","@id":"http:\/\/www.mainca.es\/index.php\/producto\/mod-v92\/","url":"http:\/\/www.mainca.es\/index.php\/producto\/mod-v92\/","name":"Mod V92 - Mainca","isPartOf":{"@id":"http:\/\/www.mainca.es\/#website"},"datePublished":"2018-11-26T18:22:55+00:00","dateModified":"2019-10-29T15:17:20+00:00","breadcrumb":{"@id":"http:\/\/www.mainca.es\/index.php\/producto\/mod-v92\/#breadcrumb"},"inLanguage":"es","potentialAction":[{"@type":"ReadAction","target":["http:\/\/www.mainca.es\/index.php\/producto\/mod-v92\/"]}]},{"@type":"BreadcrumbList","@id":"http:\/\/www.mainca.es\/index.php\/producto\/mod-v92\/#breadcrumb","itemListElement":[{"@type":"ListItem","position":1,"name":"Portada","item":"http:\/\/www.mainca.es\/"},{"@type":"ListItem","position":2,"name":"Productos","item":"http:\/\/www.mainca.es\/index.php\/shop\/"},{"@type":"ListItem","position":3,"name":"Mod V92"}]},{"@type":"WebSite","@id":"http:\/\/www.mainca.es\/#website","url":"http:\/\/www.mainca.es\/","name":"Mainca","description":"Mainca. Maquinaria para el calzado","potentialAction":[{"@type":"SearchAction","target":{"@type":"EntryPoint","urlTemplate":"http:\/\/www.mainca.es\/?s={search_term_string}"},"query-input":"required name=search_term_string"}],"inLanguage":"es"}]}},"_links":{"self":[{"href":"http:\/\/www.mainca.es\/index.php\/wp-json\/wp\/v2\/product\/6597"}],"collection":[{"href":"http:\/\/www.mainca.es\/index.php\/wp-json\/wp\/v2\/product"}],"about":[{"href":"http:\/\/www.mainca.es\/index.php\/wp-json\/wp\/v2\/types\/product"}],"replies":[{"embeddable":true,"href":"http:\/\/www.mainca.es\/index.php\/wp-json\/wp\/v2\/comments?post=6597"}],"wp:featuredmedia":[{"embeddable":true,"href":"http:\/\/www.mainca.es\/index.php\/wp-json\/wp\/v2\/media\/6598"}],"wp:attachment":[{"href":"http:\/\/www.mainca.es\/index.php\/wp-json\/wp\/v2\/media?parent=6597"}],"wp:term":[{"taxonomy":"product_cat","embeddable":true,"href":"http:\/\/www.mainca.es\/index.php\/wp-json\/wp\/v2\/product_cat?post=6597"},{"taxonomy":"product_tag","embeddable":true,"href":"http:\/\/www.mainca.es\/index.php\/wp-json\/wp\/v2\/product_tag?post=6597"}],"curies":[{"name":"wp","href":"https:\/\/api.w.org\/{rel}","templated":true}]}}