{"id":6656,"date":"2018-11-27T10:49:23","date_gmt":"2018-11-27T10:49:23","guid":{"rendered":"http:\/\/www.mainca.es\/?post_type=product&#038;p=6656"},"modified":"2019-05-27T08:42:48","modified_gmt":"2019-05-27T08:42:48","slug":"flash-flex-6115-2h","status":"publish","type":"product","link":"http:\/\/www.mainca.es\/index.php\/producto\/flash-flex-6115-2h\/","title":{"rendered":"Flash flex 6115 2H"},"content":{"rendered":"[vc_row type=\u00bbin_container\u00bb full_screen_row_position=\u00bbmiddle\u00bb scene_position=\u00bbcenter\u00bb text_color=\u00bbdark\u00bb text_align=\u00bbleft\u00bb overlay_strength=\u00bb0.3&#8243; shape_divider_position=\u00bbbottom\u00bb][vc_column column_padding=\u00bbno-extra-padding\u00bb column_padding_position=\u00bball\u00bb background_color_opacity=\u00bb1&#8243; background_hover_color_opacity=\u00bb1&#8243; column_link_target=\u00bb_self\u00bb column_shadow=\u00bbnone\u00bb column_border_radius=\u00bbnone\u00bb width=\u00bb1\/1&#8243; tablet_width_inherit=\u00bbdefault\u00bb tablet_text_alignment=\u00bbdefault\u00bb phone_text_alignment=\u00bbdefault\u00bb column_border_width=\u00bbnone\u00bb column_border_style=\u00bbsolid\u00bb][vc_column_text]\n<table id=\"tablepress-4\" class=\"tablepress tablepress-id-4\">\n<thead>\n<tr class=\"row-1 odd\">\n\t<th class=\"column-1\">MODELO<\/th><th class=\"column-2\">\u00c1REA DE CORTE (mm)<\/th><th class=\"column-3\">VELOCIDAD M\u00c1X. (mm)<\/th><th class=\"column-4\">CONSUMO (kW)<\/th><th class=\"column-5\">PESO (kg)<\/th><th class=\"column-6\">MESA ESTANDAR<\/th><th class=\"column-7\">CON \"TOT\"<\/th><th class=\"column-8\">CON \"LOT\"<\/th><th class=\"column-9\">CON \"TOT\" Y \"LOT\"<\/th>\n<\/tr>\n<\/thead>\n<tbody class=\"row-hover\">\n<tr class=\"row-2 even\">\n\t<td class=\"column-1\"> FlashCut FLEX 1515 S<\/td><td class=\"column-2\"> 1550x1550<\/td><td class=\"column-3\">80<\/td><td class=\"column-4\">6.4<\/td><td class=\"column-5\">1350<\/td><td class=\"column-6\"> 2500x2150x1220<\/td><td class=\"column-7\"><\/td><td class=\"column-8\"><\/td><td class=\"column-9\"><\/td>\n<\/tr>\n<tr class=\"row-3 odd\">\n\t<td class=\"column-1\"> FlashCut FLEX 3015 S<\/td><td class=\"column-2\"> 3050x1550<\/td><td class=\"column-3\">80<\/td><td class=\"column-4\">6.4<\/td><td class=\"column-5\">2450<\/td><td class=\"column-6\"> 4000x2105x1220<\/td><td class=\"column-7\"><\/td><td class=\"column-8\"><\/td><td class=\"column-9\"><\/td>\n<\/tr>\n<tr class=\"row-4 even\">\n\t<td class=\"column-1\"> FlashCut FLEX 6115 S<\/td><td class=\"column-2\"> 6050x1550<\/td><td class=\"column-3\">80<\/td><td class=\"column-4\">12.5<\/td><td class=\"column-5\">2750<\/td><td class=\"column-6\"> 7295x2105x1220<\/td><td class=\"column-7\"><\/td><td class=\"column-8\"><\/td><td class=\"column-9\"><\/td>\n<\/tr>\n<tr class=\"row-5 odd\">\n\t<td class=\"column-1\"> FlashCut FLEX 3020 S<\/td><td class=\"column-2\">3050x2050<\/td><td class=\"column-3\">80<\/td><td class=\"column-4\">6.4<\/td><td class=\"column-5\">3070<\/td><td class=\"column-6\"> 4000x2605x1220<\/td><td class=\"column-7\"><\/td><td class=\"column-8\"><\/td><td class=\"column-9\"><\/td>\n<\/tr>\n<tr class=\"row-6 even\">\n\t<td class=\"column-1\"> FlashCut FLEX 4020 S<\/td><td class=\"column-2\">4050x2050<\/td><td class=\"column-3\">80<\/td><td class=\"column-4\">12.5<\/td><td class=\"column-5\">4150<\/td><td class=\"column-6\"> 5100x2650x1220<\/td><td class=\"column-7\"><\/td><td class=\"column-8\"><\/td><td class=\"column-9\"><\/td>\n<\/tr>\n<tr class=\"row-7 odd\">\n\t<td class=\"column-1\"> FlashCut FLEX 3026 S<\/td><td class=\"column-2\"> 3050x2650<\/td><td class=\"column-3\">80<\/td><td class=\"column-4\">12.5<\/td><td class=\"column-5\">3200<\/td><td class=\"column-6\"> 4000x3135x1220<\/td><td class=\"column-7\"><\/td><td class=\"column-8\"><\/td><td class=\"column-9\"><\/td>\n<\/tr>\n<tr class=\"row-8 even\">\n\t<td class=\"column-1\"> FlashCut FLEX 6126 S<\/td><td class=\"column-2\">6050x2650<\/td><td class=\"column-3\">80<\/td><td class=\"column-4\">12.5<\/td><td class=\"column-5\">600<\/td><td class=\"column-6\"> 7295x3135x1220<\/td><td class=\"column-7\"><\/td><td class=\"column-8\"><\/td><td class=\"column-9\"><\/td>\n<\/tr>\n<tr class=\"row-9 odd\">\n\t<td class=\"column-1\"> FlashCut FLEX 1515 B<\/td><td class=\"column-2\">1550x1550<\/td><td class=\"column-3\">80<\/td><td class=\"column-4\">6.4<\/td><td class=\"column-5\">1450<\/td><td class=\"column-6\"> 3135x2105x1220<\/td><td class=\"column-7\"> 4165x2105x1220<\/td><td class=\"column-8\">3935x2150x1220<\/td><td class=\"column-9\">4965x2105x1220<\/td>\n<\/tr>\n<tr class=\"row-10 even\">\n\t<td class=\"column-1\"> FlashCut FLEX 3015 B<\/td><td class=\"column-2\">3050x1550<\/td><td class=\"column-3\">80<\/td><td class=\"column-4\">6.4<\/td><td class=\"column-5\">2800<\/td><td class=\"column-6\">5015x2165x1220<\/td><td class=\"column-7\">7165x2165x1220<\/td><td class=\"column-8\">7315x2165x1220<\/td><td class=\"column-9\">9465x2165x1220<\/td>\n<\/tr>\n<tr class=\"row-11 odd\">\n\t<td class=\"column-1\"> FlashCut FLEX 1520 B<\/td><td class=\"column-2\"> 1550x2050<\/td><td class=\"column-3\">80<\/td><td class=\"column-4\">6.4<\/td><td class=\"column-5\">1900<\/td><td class=\"column-6\">3145x2640x1220<\/td><td class=\"column-7\">4165x2640x1220<\/td><td class=\"column-8\">7315x2165x1220<\/td><td class=\"column-9\">4960x2640x1220<\/td>\n<\/tr>\n<tr class=\"row-12 even\">\n\t<td class=\"column-1\"> FlashCut FLEX 3020 B<\/td><td class=\"column-2\">3050x2050<\/td><td class=\"column-3\">80<\/td><td class=\"column-4\">6.4<\/td><td class=\"column-5\">3100<\/td><td class=\"column-6\">4650x2650x1220<\/td><td class=\"column-7\"> 7165x2650x1220<\/td><td class=\"column-8\">7315x2165x1220<\/td><td class=\"column-9\">9465x2650x1220<\/td>\n<\/tr>\n<tr class=\"row-13 odd\">\n\t<td class=\"column-1\"> FlashCut FLEX 3026 B<\/td><td class=\"column-2\">3050x2650<\/td><td class=\"column-3\">80<\/td><td class=\"column-4\">12.5<\/td><td class=\"column-5\">3500<\/td><td class=\"column-6\">4650x3135x1220<\/td><td class=\"column-7\">7165x3135x1220<\/td><td class=\"column-8\">7315x3015x1220<\/td><td class=\"column-9\">9440x3135x1220<\/td>\n<\/tr>\n<\/tbody>\n<\/table>\n<!-- #tablepress-4 from cache -->[\/vc_column_text][\/vc_column][\/vc_row][vc_row type=\u00bbfull_width_content\u00bb full_screen_row_position=\u00bbmiddle\u00bb equal_height=\u00bbyes\u00bb content_placement=\u00bbmiddle\u00bb bg_color=\u00bb#e5e5e5&#8243; scene_position=\u00bbcenter\u00bb text_color=\u00bblight\u00bb text_align=\u00bbleft\u00bb top_padding=\u00bb5%\u00bb bottom_padding=\u00bb5%\u00bb id=\u00bbdiscover\u00bb row_name=\u00bbDiscover\u00bb disable_ken_burns=\u00bbyes\u00bb overlay_strength=\u00bb0.3&#8243; shape_divider_position=\u00bbbottom\u00bb shape_type=\u00bb\u00bb][vc_column column_padding=\u00bbno-extra-padding\u00bb column_padding_position=\u00bball\u00bb background_color_opacity=\u00bb1&#8243; background_hover_color_opacity=\u00bb1&#8243; column_link_target=\u00bb_self\u00bb column_shadow=\u00bbnone\u00bb column_border_radius=\u00bbnone\u00bb width=\u00bb1\/6&#8243; tablet_width_inherit=\u00bbdefault\u00bb tablet_text_alignment=\u00bbdefault\u00bb phone_text_alignment=\u00bbdefault\u00bb column_border_width=\u00bbnone\u00bb column_border_style=\u00bbsolid\u00bb offset=\u00bbvc_hidden-sm vc_hidden-xs\u00bb][\/vc_column][vc_column column_padding=\u00bbpadding-3-percent\u00bb column_padding_position=\u00bball\u00bb background_color_opacity=\u00bb1&#8243; background_hover_color_opacity=\u00bb1&#8243; column_link_target=\u00bb_self\u00bb column_shadow=\u00bbnone\u00bb column_border_radius=\u00bbnone\u00bb width=\u00bb1\/3&#8243; tablet_width_inherit=\u00bbdefault\u00bb tablet_text_alignment=\u00bbdefault\u00bb phone_text_alignment=\u00bbdefault\u00bb column_border_width=\u00bbnone\u00bb column_border_style=\u00bbsolid\u00bb][vc_row_inner column_margin=\u00bbdefault\u00bb text_align=\u00bbleft\u00bb][vc_column_inner enable_animation=\u00bbtrue\u00bb animation=\u00bbfade-in-from-bottom\u00bb column_padding=\u00bbno-extra-padding\u00bb column_padding_position=\u00bball\u00bb background_color_opacity=\u00bb1&#8243; background_hover_color_opacity=\u00bb1&#8243; font_color=\u00bb#08a14e\u00bb column_shadow=\u00bbnone\u00bb column_border_radius=\u00bbnone\u00bb column_link_target=\u00bb_self\u00bb width=\u00bb1\/1&#8243; tablet_width_inherit=\u00bbdefault\u00bb column_border_width=\u00bbnone\u00bb column_border_style=\u00bbsolid\u00bb][vc_column_text]\n<h2>\u00bfQuieres m\u00e1s informaci\u00f3n?<\/h2>\n[\/vc_column_text][\/vc_column_inner][\/vc_row_inner][vc_row_inner column_margin=\u00bbdefault\u00bb text_align=\u00bbleft\u00bb][vc_column_inner enable_animation=\u00bbtrue\u00bb animation=\u00bbfade-in-from-bottom\u00bb column_padding=\u00bbno-extra-padding\u00bb column_padding_position=\u00bball\u00bb background_color_opacity=\u00bb1&#8243; background_hover_color_opacity=\u00bb1&#8243; font_color=\u00bb#333333&#8243; column_shadow=\u00bbnone\u00bb column_border_radius=\u00bbnone\u00bb column_link_target=\u00bb_self\u00bb width=\u00bb1\/1&#8243; tablet_width_inherit=\u00bbdefault\u00bb column_border_width=\u00bbnone\u00bb column_border_style=\u00bbsolid\u00bb delay=\u00bb200&#8243;][vc_column_text css=\u00bb.vc_custom_1540378379917{margin-top: 20px !important;}\u00bb]Si deseas m\u00e1s informaci\u00f3n estaremos encantados de poder ayudarte. Pulsa en m\u00e1s informaci\u00f3n y env\u00edanos el formulario con tu consulta.[\/vc_column_text][\/vc_column_inner][\/vc_row_inner]<div class=\"divider-wrap\" data-alignment=\"default\"><div style=\"height: 25px;\" class=\"divider\"><\/div><\/div>[nectar_btn size=\u00bbmedium\u00bb button_style=\u00bbsee-through-3d\u00bb color_override=\u00bb#08a14e\u00bb text=\u00bbm\u00e1s informaci\u00f3n\u00bb url=\u00bbhttp:\/\/www.mainca.es\/index.php\/contacto-informacion-sobre-maquinaria\/\u00bb][\/vc_column][vc_column enable_animation=\u00bbtrue\u00bb animation=\u00bbgrow-in\u00bb column_padding=\u00bbpadding-3-percent\u00bb column_padding_position=\u00bball\u00bb background_color_opacity=\u00bb1&#8243; background_hover_color_opacity=\u00bb1&#8243; column_link_target=\u00bb_self\u00bb column_shadow=\u00bbnone\u00bb column_border_radius=\u00bbnone\u00bb width=\u00bb1\/3&#8243; tablet_width_inherit=\u00bbdefault\u00bb tablet_text_alignment=\u00bbdefault\u00bb phone_text_alignment=\u00bbdefault\u00bb column_border_width=\u00bbnone\u00bb column_border_style=\u00bbsolid\u00bb][\/vc_column][vc_column column_padding=\u00bbno-extra-padding\u00bb column_padding_position=\u00bball\u00bb background_color_opacity=\u00bb1&#8243; background_hover_color_opacity=\u00bb1&#8243; column_link_target=\u00bb_self\u00bb column_shadow=\u00bbnone\u00bb column_border_radius=\u00bbnone\u00bb width=\u00bb1\/6&#8243; tablet_width_inherit=\u00bbdefault\u00bb tablet_text_alignment=\u00bbdefault\u00bb phone_text_alignment=\u00bbdefault\u00bb column_border_width=\u00bbnone\u00bb column_border_style=\u00bbsolid\u00bb offset=\u00bbvc_hidden-sm vc_hidden-xs\u00bb][\/vc_column][\/vc_row]\n","protected":false},"excerpt":{"rendered":"<p>6050&#215;1550 de \u00e1rea de corte<br \/>\n2 cabezales de corte<br \/>\nCabezal Est\u00e1ndar de 20mm de altura<br \/>\nProyector en la zona de corte<\/p>\n<p>EJEMPLOS APLICACIONES:<br \/>\nCalzado<\/p>\n","protected":false},"featured_media":6657,"comment_status":"open","ping_status":"closed","template":"","meta":{"_mi_skip_tracking":false},"product_cat":[66,67,70,118],"product_tag":[117],"yoast_head":"<!-- This site is optimized with the Yoast SEO plugin v20.2.1 - https:\/\/yoast.com\/wordpress\/plugins\/seo\/ -->\n<title>Flash flex 6115 2H - Mainca<\/title>\n<meta name=\"robots\" content=\"index, follow, max-snippet:-1, max-image-preview:large, max-video-preview:-1\" \/>\n<link rel=\"canonical\" href=\"http:\/\/www.mainca.es\/index.php\/producto\/flash-flex-6115-2h\/\" \/>\n<meta property=\"og:locale\" content=\"es_ES\" \/>\n<meta property=\"og:type\" content=\"article\" \/>\n<meta property=\"og:title\" content=\"Flash flex 6115 2H - Mainca\" \/>\n<meta property=\"og:description\" content=\"6050x1550 de \u00e1rea de corte 2 cabezales de corte Cabezal Est\u00e1ndar de 20mm de altura Proyector en la zona de corte  EJEMPLOS APLICACIONES: Calzado\" \/>\n<meta property=\"og:url\" content=\"http:\/\/www.mainca.es\/index.php\/producto\/flash-flex-6115-2h\/\" \/>\n<meta property=\"og:site_name\" content=\"Mainca\" \/>\n<meta property=\"article:modified_time\" content=\"2019-05-27T08:42:48+00:00\" \/>\n<meta property=\"og:image\" content=\"http:\/\/www.mainca.es\/wp-content\/uploads\/2018\/11\/Flashcut-flex-6115-S-2H.png\" \/>\n\t<meta property=\"og:image:width\" content=\"800\" \/>\n\t<meta property=\"og:image:height\" content=\"622\" \/>\n\t<meta property=\"og:image:type\" content=\"image\/png\" \/>\n<meta name=\"twitter:card\" content=\"summary_large_image\" \/>\n<meta name=\"twitter:label1\" content=\"Tiempo de lectura\" \/>\n\t<meta name=\"twitter:data1\" content=\"3 minutos\" \/>\n<script type=\"application\/ld+json\" class=\"yoast-schema-graph\">{\"@context\":\"https:\/\/schema.org\",\"@graph\":[{\"@type\":\"WebPage\",\"@id\":\"http:\/\/www.mainca.es\/index.php\/producto\/flash-flex-6115-2h\/\",\"url\":\"http:\/\/www.mainca.es\/index.php\/producto\/flash-flex-6115-2h\/\",\"name\":\"Flash flex 6115 2H - Mainca\",\"isPartOf\":{\"@id\":\"http:\/\/www.mainca.es\/#website\"},\"datePublished\":\"2018-11-27T10:49:23+00:00\",\"dateModified\":\"2019-05-27T08:42:48+00:00\",\"breadcrumb\":{\"@id\":\"http:\/\/www.mainca.es\/index.php\/producto\/flash-flex-6115-2h\/#breadcrumb\"},\"inLanguage\":\"es\",\"potentialAction\":[{\"@type\":\"ReadAction\",\"target\":[\"http:\/\/www.mainca.es\/index.php\/producto\/flash-flex-6115-2h\/\"]}]},{\"@type\":\"BreadcrumbList\",\"@id\":\"http:\/\/www.mainca.es\/index.php\/producto\/flash-flex-6115-2h\/#breadcrumb\",\"itemListElement\":[{\"@type\":\"ListItem\",\"position\":1,\"name\":\"Portada\",\"item\":\"http:\/\/www.mainca.es\/\"},{\"@type\":\"ListItem\",\"position\":2,\"name\":\"Productos\",\"item\":\"http:\/\/www.mainca.es\/index.php\/shop\/\"},{\"@type\":\"ListItem\",\"position\":3,\"name\":\"Flash flex 6115 2H\"}]},{\"@type\":\"WebSite\",\"@id\":\"http:\/\/www.mainca.es\/#website\",\"url\":\"http:\/\/www.mainca.es\/\",\"name\":\"Mainca\",\"description\":\"Mainca. Maquinaria para el calzado\",\"potentialAction\":[{\"@type\":\"SearchAction\",\"target\":{\"@type\":\"EntryPoint\",\"urlTemplate\":\"http:\/\/www.mainca.es\/?s={search_term_string}\"},\"query-input\":\"required name=search_term_string\"}],\"inLanguage\":\"es\"}]}<\/script>\n<!-- \/ Yoast SEO plugin. -->","yoast_head_json":{"title":"Flash flex 6115 2H - Mainca","robots":{"index":"index","follow":"follow","max-snippet":"max-snippet:-1","max-image-preview":"max-image-preview:large","max-video-preview":"max-video-preview:-1"},"canonical":"http:\/\/www.mainca.es\/index.php\/producto\/flash-flex-6115-2h\/","og_locale":"es_ES","og_type":"article","og_title":"Flash flex 6115 2H - Mainca","og_description":"6050x1550 de \u00e1rea de corte 2 cabezales de corte Cabezal Est\u00e1ndar de 20mm de altura Proyector en la zona de corte  EJEMPLOS APLICACIONES: Calzado","og_url":"http:\/\/www.mainca.es\/index.php\/producto\/flash-flex-6115-2h\/","og_site_name":"Mainca","article_modified_time":"2019-05-27T08:42:48+00:00","og_image":[{"width":800,"height":622,"url":"http:\/\/www.mainca.es\/wp-content\/uploads\/2018\/11\/Flashcut-flex-6115-S-2H.png","type":"image\/png"}],"twitter_card":"summary_large_image","twitter_misc":{"Tiempo de lectura":"3 minutos"},"schema":{"@context":"https:\/\/schema.org","@graph":[{"@type":"WebPage","@id":"http:\/\/www.mainca.es\/index.php\/producto\/flash-flex-6115-2h\/","url":"http:\/\/www.mainca.es\/index.php\/producto\/flash-flex-6115-2h\/","name":"Flash flex 6115 2H - Mainca","isPartOf":{"@id":"http:\/\/www.mainca.es\/#website"},"datePublished":"2018-11-27T10:49:23+00:00","dateModified":"2019-05-27T08:42:48+00:00","breadcrumb":{"@id":"http:\/\/www.mainca.es\/index.php\/producto\/flash-flex-6115-2h\/#breadcrumb"},"inLanguage":"es","potentialAction":[{"@type":"ReadAction","target":["http:\/\/www.mainca.es\/index.php\/producto\/flash-flex-6115-2h\/"]}]},{"@type":"BreadcrumbList","@id":"http:\/\/www.mainca.es\/index.php\/producto\/flash-flex-6115-2h\/#breadcrumb","itemListElement":[{"@type":"ListItem","position":1,"name":"Portada","item":"http:\/\/www.mainca.es\/"},{"@type":"ListItem","position":2,"name":"Productos","item":"http:\/\/www.mainca.es\/index.php\/shop\/"},{"@type":"ListItem","position":3,"name":"Flash flex 6115 2H"}]},{"@type":"WebSite","@id":"http:\/\/www.mainca.es\/#website","url":"http:\/\/www.mainca.es\/","name":"Mainca","description":"Mainca. Maquinaria para el calzado","potentialAction":[{"@type":"SearchAction","target":{"@type":"EntryPoint","urlTemplate":"http:\/\/www.mainca.es\/?s={search_term_string}"},"query-input":"required name=search_term_string"}],"inLanguage":"es"}]}},"_links":{"self":[{"href":"http:\/\/www.mainca.es\/index.php\/wp-json\/wp\/v2\/product\/6656"}],"collection":[{"href":"http:\/\/www.mainca.es\/index.php\/wp-json\/wp\/v2\/product"}],"about":[{"href":"http:\/\/www.mainca.es\/index.php\/wp-json\/wp\/v2\/types\/product"}],"replies":[{"embeddable":true,"href":"http:\/\/www.mainca.es\/index.php\/wp-json\/wp\/v2\/comments?post=6656"}],"wp:featuredmedia":[{"embeddable":true,"href":"http:\/\/www.mainca.es\/index.php\/wp-json\/wp\/v2\/media\/6657"}],"wp:attachment":[{"href":"http:\/\/www.mainca.es\/index.php\/wp-json\/wp\/v2\/media?parent=6656"}],"wp:term":[{"taxonomy":"product_cat","embeddable":true,"href":"http:\/\/www.mainca.es\/index.php\/wp-json\/wp\/v2\/product_cat?post=6656"},{"taxonomy":"product_tag","embeddable":true,"href":"http:\/\/www.mainca.es\/index.php\/wp-json\/wp\/v2\/product_tag?post=6656"}],"curies":[{"name":"wp","href":"https:\/\/api.w.org\/{rel}","templated":true}]}}